{"id":300,"date":"2025-12-11T15:22:32","date_gmt":"2025-12-11T15:22:32","guid":{"rendered":"https:\/\/truchintech.com\/contact-us\/"},"modified":"2025-12-25T15:40:55","modified_gmt":"2025-12-25T15:40:55","slug":"contact-us","status":"publish","type":"page","link":"https:\/\/truchintech.com\/tr\/contact-us\/","title":{"rendered":"Bize Ula\u015f\u0131n"},"content":{"rendered":"\t\t<div data-elementor-type=\"wp-page\" data-elementor-id=\"300\" class=\"elementor elementor-300\" data-elementor-post-type=\"page\">\n\t\t\t\t<div class=\"elementor-element elementor-element-16bbfacd e-flex e-con-boxed e-con e-parent\" data-id=\"16bbfacd\" data-element_type=\"container\" data-e-type=\"container\" data-settings=\"{&quot;shape_divider_bottom&quot;:&quot;mountains&quot;}\">\n\t\t\t\t\t<div class=\"e-con-inner\">\n\t\t\t\t<div class=\"elementor-shape elementor-shape-bottom\" aria-hidden=\"true\" data-negative=\"false\">\n\t\t\t<svg xmlns=\"http:\/\/www.w3.org\/2000\/svg\" viewBox=\"0 0 1000 100\" preserveAspectRatio=\"none\">\n\t<path class=\"elementor-shape-fill\" opacity=\"0.33\" d=\"M473,67.3c-203.9,88.3-263.1-34-320.3,0C66,119.1,0,59.7,0,59.7V0h1000v59.7 c0,0-62.1,26.1-94.9,29.3c-32.8,3.3-62.8-12.3-75.8-22.1C806,49.6,745.3,8.7,694.9,4.7S492.4,59,473,67.3z\"\/>\n\t<path class=\"elementor-shape-fill\" opacity=\"0.66\" d=\"M734,67.3c-45.5,0-77.2-23.2-129.1-39.1c-28.6-8.7-150.3-10.1-254,39.1 s-91.7-34.4-149.2,0C115.7,118.3,0,39.8,0,39.8V0h1000v36.5c0,0-28.2-18.5-92.1-18.5C810.2,18.1,775.7,67.3,734,67.3z\"\/>\n\t<path class=\"elementor-shape-fill\" d=\"M766.1,28.9c-200-57.5-266,65.5-395.1,19.5C242,1.8,242,5.4,184.8,20.6C128,35.8,132.3,44.9,89.9,52.5C28.6,63.7,0,0,0,0 h1000c0,0-9.9,40.9-83.6,48.1S829.6,47,766.1,28.9z\"\/>\n<\/svg>\t\t<\/div>\n\t\t<div class=\"elementor-element elementor-element-14ccc4a0 e-con-full e-flex e-con e-child\" data-id=\"14ccc4a0\" data-element_type=\"container\" data-e-type=\"container\" data-settings=\"{&quot;background_background&quot;:&quot;classic&quot;}\">\n\t\t\t\t<div class=\"elementor-element elementor-element-74aef088 elementor-widget elementor-widget-heading\" data-id=\"74aef088\" data-element_type=\"widget\" data-e-type=\"widget\" data-widget_type=\"heading.default\">\n\t\t\t\t\t<h1 class=\"elementor-heading-title elementor-size-default\">Contact Us<\/h1>\t\t\t\t<\/div>\n\t\t\t\t<div class=\"elementor-element elementor-element-2f150b1b elementor-widget elementor-widget-heading\" data-id=\"2f150b1b\" data-element_type=\"widget\" data-e-type=\"widget\" data-widget_type=\"heading.default\">\n\t\t\t\t\t<p class=\"elementor-heading-title elementor-size-default\">We would love to speak with you.<br>Feel free to reach out using the below details.<\/p>\t\t\t\t<\/div>\n\t\t\t\t<\/div>\n\t\t<div class=\"elementor-element elementor-element-2ed24146 e-con-full e-flex e-con e-child\" data-id=\"2ed24146\" data-element_type=\"container\" data-e-type=\"container\">\n\t\t\t\t<div class=\"elementor-element elementor-element-525312fc elementor-button-align-start elementor-tablet-button-align-center elementor-widget elementor-widget-form\" data-id=\"525312fc\" data-element_type=\"widget\" data-e-type=\"widget\" data-settings=\"{&quot;step_next_label&quot;:&quot;Next&quot;,&quot;step_previous_label&quot;:&quot;Previous&quot;,&quot;button_width&quot;:&quot;100&quot;,&quot;step_type&quot;:&quot;number_text&quot;,&quot;step_icon_shape&quot;:&quot;circle&quot;}\" data-widget_type=\"form.default\">\n\t\t\t\t\t\t\t<form class=\"elementor-form\" method=\"post\" name=\"Contact Form\" aria-label=\"Contact Form\">\n\t\t\t<input type=\"hidden\" name=\"post_id\" value=\"300\"\/>\n\t\t\t<input type=\"hidden\" name=\"form_id\" value=\"525312fc\"\/>\n\t\t\t<input type=\"hidden\" name=\"referer_title\" value=\"Contact Us - TRUCHIN TECHNOLOGY\" \/>\n\n\t\t\t\t\t\t\t<input type=\"hidden\" name=\"queried_id\" value=\"300\"\/>\n\t\t\t\n\t\t\t<div class=\"elementor-form-fields-wrapper elementor-labels-\">\n\t\t\t\t\t\t\t\t<div class=\"elementor-field-type-text elementor-field-group elementor-column elementor-field-group-name elementor-col-50 elementor-field-required\">\n\t\t\t\t\t\t\t\t\t\t\t\t<label for=\"form-field-name\" class=\"elementor-field-label elementor-screen-only\">\n\t\t\t\t\t\t\t\tYour Name\t\t\t\t\t\t\t<\/label>\n\t\t\t\t\t\t\t\t\t\t\t\t\t\t<input size=\"1\" type=\"text\" name=\"form_fields[name]\" id=\"form-field-name\" class=\"elementor-field elementor-size-sm  elementor-field-textual\" placeholder=\"Your Name*\" required=\"required\">\n\t\t\t\t\t\t\t\t\t\t\t<\/div>\n\t\t\t\t\t\t\t\t<div class=\"elementor-field-type-text elementor-field-group elementor-column elementor-field-group-field_b743cd7 elementor-col-50 elementor-field-required\">\n\t\t\t\t\t\t\t\t\t\t\t\t<label for=\"form-field-field_b743cd7\" class=\"elementor-field-label elementor-screen-only\">\n\t\t\t\t\t\t\t\tLast Name\t\t\t\t\t\t\t<\/label>\n\t\t\t\t\t\t\t\t\t\t\t\t\t\t<input size=\"1\" type=\"text\" name=\"form_fields[field_b743cd7]\" id=\"form-field-field_b743cd7\" class=\"elementor-field elementor-size-sm  elementor-field-textual\" placeholder=\"Last Name*\" required=\"required\">\n\t\t\t\t\t\t\t\t\t\t\t<\/div>\n\t\t\t\t\t\t\t\t<div class=\"elementor-field-type-tel elementor-field-group elementor-column elementor-field-group-field_6c180a9 elementor-col-50 elementor-field-required\">\n\t\t\t\t\t\t\t\t\t\t\t\t<label for=\"form-field-field_6c180a9\" class=\"elementor-field-label elementor-screen-only\">\n\t\t\t\t\t\t\t\tPhone Number\t\t\t\t\t\t\t<\/label>\n\t\t\t\t\t\t\t\t<input size=\"1\" type=\"tel\" name=\"form_fields[field_6c180a9]\" id=\"form-field-field_6c180a9\" class=\"elementor-field elementor-size-sm  elementor-field-textual\" placeholder=\"Phone Number*\" required=\"required\" pattern=\"[0-9()#&amp;+*-=.]+\" title=\"Only numbers and phone characters (#, -, *, etc) are accepted.\">\n\n\t\t\t\t\t\t<\/div>\n\t\t\t\t\t\t\t\t<div class=\"elementor-field-type-email elementor-field-group elementor-column elementor-field-group-email elementor-col-50 elementor-field-required\">\n\t\t\t\t\t\t\t\t\t\t\t\t<label for=\"form-field-email\" class=\"elementor-field-label elementor-screen-only\">\n\t\t\t\t\t\t\t\tEmail\t\t\t\t\t\t\t<\/label>\n\t\t\t\t\t\t\t\t\t\t\t\t\t\t<input size=\"1\" type=\"email\" name=\"form_fields[email]\" id=\"form-field-email\" class=\"elementor-field elementor-size-sm  elementor-field-textual\" placeholder=\"Email*\" required=\"required\">\n\t\t\t\t\t\t\t\t\t\t\t<\/div>\n\t\t\t\t\t\t\t\t<div class=\"elementor-field-type-textarea elementor-field-group elementor-column elementor-field-group-message elementor-col-100\">\n\t\t\t\t\t\t\t\t\t\t\t\t<label for=\"form-field-message\" class=\"elementor-field-label elementor-screen-only\">\n\t\t\t\t\t\t\t\tMessage\t\t\t\t\t\t\t<\/label>\n\t\t\t\t\t\t<textarea class=\"elementor-field-textual elementor-field  elementor-size-sm\" name=\"form_fields[message]\" id=\"form-field-message\" rows=\"4\" placeholder=\"Message\"><\/textarea>\t\t\t\t<\/div>\n\t\t\t\t\t\t\t\t<div class=\"elementor-field-group elementor-column elementor-field-type-submit elementor-col-100 e-form__buttons\">\n\t\t\t\t\t<button class=\"elementor-button elementor-size-sm\" type=\"submit\">\n\t\t\t\t\t\t<span class=\"elementor-button-content-wrapper\">\n\t\t\t\t\t\t\t\t\t\t\t\t\t\t\t\t\t\t\t\t\t\t<span class=\"elementor-button-text\">Submit<\/span>\n\t\t\t\t\t\t\t\t\t\t\t\t\t<\/span>\n\t\t\t\t\t<\/button>\n\t\t\t\t<\/div>\n\t\t\t<\/div>\n\t\t<\/form>\n\t\t\t\t\t\t<\/div>\n\t\t\t\t<\/div>\n\t\t\t\t\t<\/div>\n\t\t\t\t<\/div>\n\t\t<div class=\"elementor-element elementor-element-30c7fd5b e-flex e-con-boxed e-con e-parent\" data-id=\"30c7fd5b\" data-element_type=\"container\" data-e-type=\"container\" data-settings=\"{&quot;background_background&quot;:&quot;classic&quot;,&quot;shape_divider_bottom&quot;:&quot;opacity-fan&quot;}\">\n\t\t\t\t\t<div class=\"e-con-inner\">\n\t\t\t\t<div class=\"elementor-shape elementor-shape-bottom\" aria-hidden=\"true\" data-negative=\"false\">\n\t\t\t<svg xmlns=\"http:\/\/www.w3.org\/2000\/svg\" viewBox=\"0 0 283.5 19.6\" preserveAspectRatio=\"none\">\n\t<path class=\"elementor-shape-fill\" style=\"opacity:0.33\" d=\"M0 0L0 18.8 141.8 4.1 283.5 18.8 283.5 0z\"\/>\n\t<path class=\"elementor-shape-fill\" style=\"opacity:0.33\" d=\"M0 0L0 12.6 141.8 4 283.5 12.6 283.5 0z\"\/>\n\t<path class=\"elementor-shape-fill\" style=\"opacity:0.33\" d=\"M0 0L0 6.4 141.8 4 283.5 6.4 283.5 0z\"\/>\n\t<path class=\"elementor-shape-fill\" d=\"M0 0L0 1.2 141.8 4 283.5 1.2 283.5 0z\"\/>\n<\/svg>\t\t<\/div>\n\t\t\t\t<div class=\"elementor-element elementor-element-67dd7c03 elementor-widget__width-inherit elementor-widget elementor-widget-heading\" data-id=\"67dd7c03\" data-element_type=\"widget\" data-e-type=\"widget\" data-widget_type=\"heading.default\">\n\t\t\t\t\t<h2 class=\"elementor-heading-title elementor-size-default\">Or Get In Touch<\/h2>\t\t\t\t<\/div>\n\t\t<div class=\"elementor-element elementor-element-2e8e4aa e-con-full e-flex e-con e-child\" data-id=\"2e8e4aa\" data-element_type=\"container\" data-e-type=\"container\">\n\t\t\t\t<div class=\"elementor-element elementor-element-2d41bc8f elementor-widget-tablet__width-initial elementor-widget__width-initial elementor-widget elementor-widget-icon-box\" data-id=\"2d41bc8f\" data-element_type=\"widget\" data-e-type=\"widget\" data-widget_type=\"icon-box.default\">\n\t\t\t\t\t\t\t<div class=\"elementor-icon-box-wrapper\">\n\n\t\t\t\n\t\t\t\t\t\t<div class=\"elementor-icon-box-content\">\n\n\t\t\t\t\t\t\t\t\t<h4 class=\"elementor-icon-box-title\">\n\t\t\t\t\t\t<span  >\n\t\t\t\t\t\t\tcall us\t\t\t\t\t\t<\/span>\n\t\t\t\t\t<\/h4>\n\t\t\t\t\n\t\t\t\t\t\t\t\t\t<p class=\"elementor-icon-box-description\">\n\t\t\t\t\t\t86-13696918449\t\t\t\t\t<\/p>\n\t\t\t\t\n\t\t\t<\/div>\n\t\t\t\n\t\t<\/div>\n\t\t\t\t\t\t<\/div>\n\t\t\t\t<div class=\"elementor-element elementor-element-3bbb62b2 elementor-widget-tablet__width-initial elementor-widget__width-initial elementor-widget elementor-widget-icon-box\" data-id=\"3bbb62b2\" data-element_type=\"widget\" data-e-type=\"widget\" data-widget_type=\"icon-box.default\">\n\t\t\t\t\t\t\t<div class=\"elementor-icon-box-wrapper\">\n\n\t\t\t\n\t\t\t\t\t\t<div class=\"elementor-icon-box-content\">\n\n\t\t\t\t\t\t\t\t\t<h4 class=\"elementor-icon-box-title\">\n\t\t\t\t\t\t<span  >\n\t\t\t\t\t\t\tEmail Us\t\t\t\t\t\t<\/span>\n\t\t\t\t\t<\/h4>\n\t\t\t\t\n\t\t\t\t\t\t\t\t\t<p class=\"elementor-icon-box-description\">\n\t\t\t\t\t\talinachan@vip.163.com\ninfo@truchintech.com\t\t\t\t\t<\/p>\n\t\t\t\t\n\t\t\t<\/div>\n\t\t\t\n\t\t<\/div>\n\t\t\t\t\t\t<\/div>\n\t\t\t\t<div class=\"elementor-element elementor-element-5494c034 elementor-widget-tablet__width-initial elementor-widget__width-initial elementor-widget elementor-widget-icon-box\" data-id=\"5494c034\" data-element_type=\"widget\" data-e-type=\"widget\" data-widget_type=\"icon-box.default\">\n\t\t\t\t\t\t\t<div class=\"elementor-icon-box-wrapper\">\n\n\t\t\t\n\t\t\t\t\t\t<div class=\"elementor-icon-box-content\">\n\n\t\t\t\t\t\t\t\t\t<h4 class=\"elementor-icon-box-title\">\n\t\t\t\t\t\t<span  >\n\t\t\t\t\t\t\tWorking hours\t\t\t\t\t\t<\/span>\n\t\t\t\t\t<\/h4>\n\t\t\t\t\n\t\t\t\t\t\t\t\t\t<p class=\"elementor-icon-box-description\">\n\t\t\t\t\t\t8:00 AM - 17:00 PM\t\t\t\t\t<\/p>\n\t\t\t\t\n\t\t\t<\/div>\n\t\t\t\n\t\t<\/div>\n\t\t\t\t\t\t<\/div>\n\t\t\t\t<div class=\"elementor-element elementor-element-cf0a9e6 elementor-widget-tablet__width-initial elementor-widget__width-initial elementor-widget elementor-widget-icon-box\" data-id=\"cf0a9e6\" data-element_type=\"widget\" data-e-type=\"widget\" data-widget_type=\"icon-box.default\">\n\t\t\t\t\t\t\t<div class=\"elementor-icon-box-wrapper\">\n\n\t\t\t\n\t\t\t\t\t\t<div class=\"elementor-icon-box-content\">\n\n\t\t\t\t\t\t\t\t\t<h4 class=\"elementor-icon-box-title\">\n\t\t\t\t\t\t<span  >\n\t\t\t\t\t\t\tVisit Us\t\t\t\t\t\t<\/span>\n\t\t\t\t\t<\/h4>\n\t\t\t\t\n\t\t\t\t\t\t\t\t\t<p class=\"elementor-icon-box-description\">\n\t\t\t\t\t\tNo. 97-105, Building Materials Park, Tong'an District, Xiamen City, China\t\t\t\t\t<\/p>\n\t\t\t\t\n\t\t\t<\/div>\n\t\t\t\n\t\t<\/div>\n\t\t\t\t\t\t<\/div>\n\t\t\t\t<\/div>\n\t\t\t\t\t<\/div>\n\t\t\t\t<\/div>\n\t\t\t\t<\/div>\n\t\t","protected":false},"excerpt":{"rendered":"<p>Contact Us We would love to speak with you.Feel free to reach out using the below details. Or Get In Touch call us 86-13696918449 Email Us alinachan@vip.163.com info@truchintech.com Working hours 8:00 AM &#8211; 17:00 PM Visit Us No. 97-105, Building Materials Park, Tong&#8217;an District, Xiamen City, China<\/p>","protected":false},"author":1,"featured_media":303,"parent":0,"menu_order":0,"comment_status":"closed","ping_status":"closed","template":"elementor_header_footer","meta":{"footnotes":""},"class_list":["post-300","page","type-page","status-publish","has-post-thumbnail","hentry"],"yoast_head":"<!-- This site is optimized with the Yoast SEO plugin v27.0 - https:\/\/yoast.com\/product\/yoast-seo-wordpress\/ -->\n<title>Contact Us - TRUCHIN TECHNOLOGY<\/title>\n<meta name=\"robots\" content=\"index, follow, max-snippet:-1, max-image-preview:large, max-video-preview:-1\" \/>\n<link rel=\"canonical\" href=\"https:\/\/truchintech.com\/tr\/contact-us\/\" \/>\n<meta property=\"og:locale\" content=\"tr_TR\" \/>\n<meta property=\"og:type\" content=\"article\" \/>\n<meta property=\"og:title\" content=\"Contact Us - TRUCHIN TECHNOLOGY\" \/>\n<meta property=\"og:description\" content=\"Contact Us We would love to speak with you.Feel free to reach out using the below details. Or Get In Touch call us 86-13696918449 Email Us alinachan@vip.163.com info@truchintech.com Working hours 8:00 AM &#8211; 17:00 PM Visit Us No. 97-105, Building Materials Park, Tong&#8217;an District, Xiamen City, China\" \/>\n<meta property=\"og:url\" content=\"https:\/\/truchintech.com\/tr\/contact-us\/\" \/>\n<meta property=\"og:site_name\" content=\"TRUCHIN TECHNOLOGY\" \/>\n<meta property=\"article:modified_time\" content=\"2025-12-25T15:40:55+00:00\" \/>\n<meta property=\"og:image\" content=\"https:\/\/truchintech.com\/wp-content\/uploads\/2025\/12\/contact-us.jpg\" \/>\n\t<meta property=\"og:image:width\" content=\"401\" \/>\n\t<meta property=\"og:image:height\" content=\"380\" \/>\n\t<meta property=\"og:image:type\" content=\"image\/jpeg\" \/>\n<meta name=\"twitter:card\" content=\"summary_large_image\" \/>\n<script type=\"application\/ld+json\" class=\"yoast-schema-graph\">{\"@context\":\"https:\/\/schema.org\",\"@graph\":[{\"@type\":\"WebPage\",\"@id\":\"https:\/\/truchintech.com\/contact-us\/\",\"url\":\"https:\/\/truchintech.com\/contact-us\/\",\"name\":\"Contact Us - TRUCHIN TECHNOLOGY\",\"isPartOf\":{\"@id\":\"https:\/\/truchintech.com\/#website\"},\"primaryImageOfPage\":{\"@id\":\"https:\/\/truchintech.com\/contact-us\/#primaryimage\"},\"image\":{\"@id\":\"https:\/\/truchintech.com\/contact-us\/#primaryimage\"},\"thumbnailUrl\":\"https:\/\/truchintech.com\/wp-content\/uploads\/2025\/12\/contact-us.jpg\",\"datePublished\":\"2025-12-11T15:22:32+00:00\",\"dateModified\":\"2025-12-25T15:40:55+00:00\",\"breadcrumb\":{\"@id\":\"https:\/\/truchintech.com\/contact-us\/#breadcrumb\"},\"inLanguage\":\"tr\",\"potentialAction\":[{\"@type\":\"ReadAction\",\"target\":[\"https:\/\/truchintech.com\/contact-us\/\"]}]},{\"@type\":\"ImageObject\",\"inLanguage\":\"tr\",\"@id\":\"https:\/\/truchintech.com\/contact-us\/#primaryimage\",\"url\":\"https:\/\/truchintech.com\/wp-content\/uploads\/2025\/12\/contact-us.jpg\",\"contentUrl\":\"https:\/\/truchintech.com\/wp-content\/uploads\/2025\/12\/contact-us.jpg\",\"width\":401,\"height\":380},{\"@type\":\"BreadcrumbList\",\"@id\":\"https:\/\/truchintech.com\/contact-us\/#breadcrumb\",\"itemListElement\":[{\"@type\":\"ListItem\",\"position\":1,\"name\":\"Home\",\"item\":\"https:\/\/truchintech.com\/tr\/\"},{\"@type\":\"ListItem\",\"position\":2,\"name\":\"Contact Us\"}]},{\"@type\":\"WebSite\",\"@id\":\"https:\/\/truchintech.com\/#website\",\"url\":\"https:\/\/truchintech.com\/\",\"name\":\"XIAMEN TRUCHIN TECHNOLOGY CO.,LTD.\",\"description\":\"XIAMEN TRUCHIN TECHNOLOGY CO.,LTD.\",\"publisher\":{\"@id\":\"https:\/\/truchintech.com\/#organization\"},\"potentialAction\":[{\"@type\":\"SearchAction\",\"target\":{\"@type\":\"EntryPoint\",\"urlTemplate\":\"https:\/\/truchintech.com\/?s={search_term_string}\"},\"query-input\":{\"@type\":\"PropertyValueSpecification\",\"valueRequired\":true,\"valueName\":\"search_term_string\"}}],\"inLanguage\":\"tr\"},{\"@type\":\"Organization\",\"@id\":\"https:\/\/truchintech.com\/#organization\",\"name\":\"XIAMEN TRUCHIN TECHNOLOGY CO.,LTD.\",\"url\":\"https:\/\/truchintech.com\/\",\"logo\":{\"@type\":\"ImageObject\",\"inLanguage\":\"tr\",\"@id\":\"https:\/\/truchintech.com\/#\/schema\/logo\/image\/\",\"url\":\"https:\/\/truchintech.com\/wp-content\/uploads\/2025\/12\/logo_transpare2nt.png\",\"contentUrl\":\"https:\/\/truchintech.com\/wp-content\/uploads\/2025\/12\/logo_transpare2nt.png\",\"width\":128,\"height\":100,\"caption\":\"XIAMEN TRUCHIN TECHNOLOGY CO.,LTD.\"},\"image\":{\"@id\":\"https:\/\/truchintech.com\/#\/schema\/logo\/image\/\"}}]}<\/script>\n<!-- \/ Yoast SEO plugin. -->","yoast_head_json":{"title":"Bize Ula\u015f\u0131n - TRUCHIN TECHNOLOGY","robots":{"index":"index","follow":"follow","max-snippet":"max-snippet:-1","max-image-preview":"max-image-preview:large","max-video-preview":"max-video-preview:-1"},"canonical":"https:\/\/truchintech.com\/tr\/contact-us\/","og_locale":"tr_TR","og_type":"article","og_title":"Contact Us - TRUCHIN TECHNOLOGY","og_description":"Contact Us We would love to speak with you.Feel free to reach out using the below details. Or Get In Touch call us 86-13696918449 Email Us alinachan@vip.163.com info@truchintech.com Working hours 8:00 AM &#8211; 17:00 PM Visit Us No. 97-105, Building Materials Park, Tong&#8217;an District, Xiamen City, China","og_url":"https:\/\/truchintech.com\/tr\/contact-us\/","og_site_name":"TRUCHIN TECHNOLOGY","article_modified_time":"2025-12-25T15:40:55+00:00","og_image":[{"width":401,"height":380,"url":"https:\/\/truchintech.com\/wp-content\/uploads\/2025\/12\/contact-us.jpg","type":"image\/jpeg"}],"twitter_card":"summary_large_image","schema":{"@context":"https:\/\/schema.org","@graph":[{"@type":"WebPage","@id":"https:\/\/truchintech.com\/contact-us\/","url":"https:\/\/truchintech.com\/contact-us\/","name":"Bize Ula\u015f\u0131n - TRUCHIN TECHNOLOGY","isPartOf":{"@id":"https:\/\/truchintech.com\/#website"},"primaryImageOfPage":{"@id":"https:\/\/truchintech.com\/contact-us\/#primaryimage"},"image":{"@id":"https:\/\/truchintech.com\/contact-us\/#primaryimage"},"thumbnailUrl":"https:\/\/truchintech.com\/wp-content\/uploads\/2025\/12\/contact-us.jpg","datePublished":"2025-12-11T15:22:32+00:00","dateModified":"2025-12-25T15:40:55+00:00","breadcrumb":{"@id":"https:\/\/truchintech.com\/contact-us\/#breadcrumb"},"inLanguage":"tr","potentialAction":[{"@type":"ReadAction","target":["https:\/\/truchintech.com\/contact-us\/"]}]},{"@type":"ImageObject","inLanguage":"tr","@id":"https:\/\/truchintech.com\/contact-us\/#primaryimage","url":"https:\/\/truchintech.com\/wp-content\/uploads\/2025\/12\/contact-us.jpg","contentUrl":"https:\/\/truchintech.com\/wp-content\/uploads\/2025\/12\/contact-us.jpg","width":401,"height":380},{"@type":"BreadcrumbList","@id":"https:\/\/truchintech.com\/contact-us\/#breadcrumb","itemListElement":[{"@type":"ListItem","position":1,"name":"Home","item":"https:\/\/truchintech.com\/tr\/"},{"@type":"ListItem","position":2,"name":"Contact Us"}]},{"@type":"WebSite","@id":"https:\/\/truchintech.com\/#website","url":"https:\/\/truchintech.com\/","name":"XIAMEN TRUCHIN TEKNOLOJ\u0130 \u015e\u0130RKET\u0130, LTD.","description":"XIAMEN TRUCHIN TEKNOLOJ\u0130 \u015e\u0130RKET\u0130, LTD.","publisher":{"@id":"https:\/\/truchintech.com\/#organization"},"potentialAction":[{"@type":"SearchAction","target":{"@type":"EntryPoint","urlTemplate":"https:\/\/truchintech.com\/?s={search_term_string}"},"query-input":{"@type":"PropertyValueSpecification","valueRequired":true,"valueName":"search_term_string"}}],"inLanguage":"tr"},{"@type":"Organization","@id":"https:\/\/truchintech.com\/#organization","name":"XIAMEN TRUCHIN TEKNOLOJ\u0130 \u015e\u0130RKET\u0130, LTD.","url":"https:\/\/truchintech.com\/","logo":{"@type":"ImageObject","inLanguage":"tr","@id":"https:\/\/truchintech.com\/#\/schema\/logo\/image\/","url":"https:\/\/truchintech.com\/wp-content\/uploads\/2025\/12\/logo_transpare2nt.png","contentUrl":"https:\/\/truchintech.com\/wp-content\/uploads\/2025\/12\/logo_transpare2nt.png","width":128,"height":100,"caption":"XIAMEN TRUCHIN TECHNOLOGY CO.,LTD."},"image":{"@id":"https:\/\/truchintech.com\/#\/schema\/logo\/image\/"}}]}},"_hostinger_reach_plugin_has_subscription_block":false,"_hostinger_reach_plugin_is_elementor":false,"_links":{"self":[{"href":"https:\/\/truchintech.com\/tr\/wp-json\/wp\/v2\/pages\/300","targetHints":{"allow":["GET"]}}],"collection":[{"href":"https:\/\/truchintech.com\/tr\/wp-json\/wp\/v2\/pages"}],"about":[{"href":"https:\/\/truchintech.com\/tr\/wp-json\/wp\/v2\/types\/page"}],"author":[{"embeddable":true,"href":"https:\/\/truchintech.com\/tr\/wp-json\/wp\/v2\/users\/1"}],"replies":[{"embeddable":true,"href":"https:\/\/truchintech.com\/tr\/wp-json\/wp\/v2\/comments?post=300"}],"version-history":[{"count":49,"href":"https:\/\/truchintech.com\/tr\/wp-json\/wp\/v2\/pages\/300\/revisions"}],"predecessor-version":[{"id":1069,"href":"https:\/\/truchintech.com\/tr\/wp-json\/wp\/v2\/pages\/300\/revisions\/1069"}],"wp:featuredmedia":[{"embeddable":true,"href":"https:\/\/truchintech.com\/tr\/wp-json\/wp\/v2\/media\/303"}],"wp:attachment":[{"href":"https:\/\/truchintech.com\/tr\/wp-json\/wp\/v2\/media?parent=300"}],"curies":[{"name":"wp","href":"https:\/\/api.w.org\/{rel}","templated":true}]}}