{"id":572,"date":"2025-12-18T18:08:48","date_gmt":"2025-12-18T18:08:48","guid":{"rendered":"https:\/\/truchintech.com\/?page_id=572"},"modified":"2025-12-23T17:46:26","modified_gmt":"2025-12-23T17:46:26","slug":"lb-screw-hot-forging-cnc-arm","status":"publish","type":"page","link":"https:\/\/truchintech.com\/tr\/lb-screw-hot-forging-cnc-arm\/","title":{"rendered":"LB Vida S\u0131cak D\u00f6vme CNC Kol"},"content":{"rendered":"<div data-elementor-type=\"wp-page\" data-elementor-id=\"572\" class=\"elementor elementor-572\" data-elementor-post-type=\"page\">\n\t\t\t\t<div class=\"elementor-element elementor-element-d87c6d1 e-flex e-con-boxed e-con e-parent\" data-id=\"d87c6d1\" data-element_type=\"container\" data-e-type=\"container\">\n\t\t\t\t\t<div class=\"e-con-inner\">\n\t\t<div class=\"elementor-element elementor-element-07c3797 e-con-full e-flex e-con e-child\" data-id=\"07c3797\" data-element_type=\"container\" data-e-type=\"container\">\n\t\t\t\t<div class=\"elementor-element elementor-element-13af0ae elementor-widget elementor-widget-image\" data-id=\"13af0ae\" data-element_type=\"widget\" data-e-type=\"widget\" data-widget_type=\"image.default\">\n\t\t\t\t\t\t\t\t\t\t\t\t<figure class=\"wp-caption\">\n\t\t\t\t\t\t\t\t\t\t<img fetchpriority=\"high\" decoding=\"async\" width=\"1920\" height=\"300\" src=\"https:\/\/truchintech.com\/wp-content\/uploads\/2025\/12\/Banner-2-1.jpg\" class=\"attachment-full size-full wp-image-527\" alt=\"\" srcset=\"https:\/\/truchintech.com\/wp-content\/uploads\/2025\/12\/Banner-2-1.jpg 1920w, https:\/\/truchintech.com\/wp-content\/uploads\/2025\/12\/Banner-2-1-300x47.jpg 300w, https:\/\/truchintech.com\/wp-content\/uploads\/2025\/12\/Banner-2-1-1024x160.jpg 1024w, https:\/\/truchintech.com\/wp-content\/uploads\/2025\/12\/Banner-2-1-768x120.jpg 768w, https:\/\/truchintech.com\/wp-content\/uploads\/2025\/12\/Banner-2-1-1536x240.jpg 1536w\" sizes=\"(max-width: 1920px) 100vw, 1920px\" \/>\t\t\t\t\t\t\t\t\t\t\t<figcaption class=\"widget-image-caption wp-caption-text\">LB serisi vida s\u0131cak d\u00f6vme CNC robot kolu<\/figcaption>\n\t\t\t\t\t\t\t\t\t\t<\/figure>\n\t\t\t\t\t\t\t\t\t<\/div>\n\t\t\t\t<\/div>\n\t\t\t\t\t<\/div>\n\t\t\t\t<\/div>\n\t\t<div class=\"elementor-element elementor-element-75a6ec1 e-flex e-con-boxed e-con e-parent\" data-id=\"75a6ec1\" data-element_type=\"container\" data-e-type=\"container\">\n\t\t\t\t\t<div class=\"e-con-inner\">\n\t\t<div class=\"elementor-element elementor-element-7a43075 e-con-full e-flex e-con e-child\" data-id=\"7a43075\" data-element_type=\"container\" data-e-type=\"container\">\n\t\t\t\t<div class=\"elementor-element elementor-element-714a594 elementor-skin-carousel elementor-arrows-yes elementor-pagination-type-bullets elementor-pagination-position-outside elementor-widget elementor-widget-media-carousel\" data-id=\"714a594\" data-element_type=\"widget\" data-e-type=\"widget\" data-settings=\"{&quot;slides_per_view&quot;:&quot;1&quot;,&quot;skin&quot;:&quot;carousel&quot;,&quot;effect&quot;:&quot;slide&quot;,&quot;show_arrows&quot;:&quot;yes&quot;,&quot;pagination&quot;:&quot;bullets&quot;,&quot;speed&quot;:500,&quot;autoplay&quot;:&quot;yes&quot;,&quot;autoplay_speed&quot;:5000,&quot;loop&quot;:&quot;yes&quot;,&quot;pause_on_hover&quot;:&quot;yes&quot;,&quot;pause_on_interaction&quot;:&quot;yes&quot;,&quot;space_between&quot;:{&quot;unit&quot;:&quot;px&quot;,&quot;size&quot;:10,&quot;sizes&quot;:[]},&quot;space_between_tablet&quot;:{&quot;unit&quot;:&quot;px&quot;,&quot;size&quot;:10,&quot;sizes&quot;:[]},&quot;space_between_mobile&quot;:{&quot;unit&quot;:&quot;px&quot;,&quot;size&quot;:10,&quot;sizes&quot;:[]}}\" data-widget_type=\"media-carousel.default\">\n\t\t\t\t\t\t\t\t\t\t<div class=\"elementor-main-swiper swiper\" role=\"region\" aria-roledescription=\"carousel\" aria-label=\"Slaytlar\">\n\t\t\t\t<div class=\"swiper-wrapper\">\n\t\t\t\t\t\t\t\t\t\t\t<div class=\"swiper-slide\" role=\"group\" aria-roledescription=\"slide\">\n\t\t\t\t\t\t\t\t\t<div class=\"elementor-carousel-image\" role=\"img\" aria-label=\"LB serisi vidal\u0131 s\u0131cak d\u00f6vme CNC robot kolu\" style=\"background-image: url(&#039;https:\/\/truchintech.com\/wp-content\/uploads\/2025\/12\/LB-series-screw-hot-forging-CNC-robotic-arm.jpg&#039;)\">\n\n\t\t\t\n\t\t\t\t\t<\/div>\n\t\t\t\t\t\t\t\t<\/div>\n\t\t\t\t\t\t\t\t\t\t\t<div class=\"swiper-slide\" role=\"group\" aria-roledescription=\"slide\">\n\t\t\t\t\t\t\t\t\t<div class=\"elementor-carousel-image\" role=\"img\" aria-label=\"14\" style=\"background-image: url(&#039;https:\/\/truchintech.com\/wp-content\/uploads\/2025\/12\/14.jpg&#039;)\">\n\n\t\t\t\n\t\t\t\t\t<\/div>\n\t\t\t\t\t\t\t\t<\/div>\n\t\t\t\t\t\t\t\t\t<\/div>\n\t\t\t\t\t\t\t\t\t\t\t\t\t\t\t<div class=\"elementor-swiper-button elementor-swiper-button-prev\" role=\"button\" tabindex=\"0\" aria-label=\"\u00d6nceki\">\n\t\t\t\t\t\t\t<svg aria-hidden=\"true\" class=\"e-font-icon-svg e-eicon-chevron-left\" viewbox=\"0 0 1000 1000\" xmlns=\"http:\/\/www.w3.org\/2000\/svg\"><path d=\"M646 125C629 125 613 133 604 142L308 442C296 454 292 471 292 487 292 504 296 521 308 533L604 854C617 867 629 875 646 875 663 875 679 871 692 858 704 846 713 829 713 812 713 796 708 779 692 767L438 487 692 225C700 217 708 204 708 187 708 171 704 154 692 142 675 129 663 125 646 125Z\"><\/path><\/svg>\t\t\t\t\t\t<\/div>\n\t\t\t\t\t\t<div class=\"elementor-swiper-button elementor-swiper-button-next\" role=\"button\" tabindex=\"0\" aria-label=\"Sonraki\">\n\t\t\t\t\t\t\t<svg aria-hidden=\"true\" class=\"e-font-icon-svg e-eicon-chevron-right\" viewbox=\"0 0 1000 1000\" xmlns=\"http:\/\/www.w3.org\/2000\/svg\"><path d=\"M696 533C708 521 713 504 713 487 713 471 708 454 696 446L400 146C388 133 375 125 354 125 338 125 325 129 313 142 300 154 292 171 292 187 292 204 296 221 308 233L563 492 304 771C292 783 288 800 288 817 288 833 296 850 308 863 321 871 338 875 354 875 371 875 388 867 400 854L696 533Z\"><\/path><\/svg>\t\t\t\t\t\t<\/div>\n\t\t\t\t\t\t\t\t\t\t\t\t\t\t\t\t<div class=\"swiper-pagination\"><\/div>\n\t\t\t\t\t\t\t\t\t\t\t\t<\/div>\n\t\t\t\t\t\t\t\t<\/div>\n\t\t\t\t<\/div>\n\t\t<div class=\"elementor-element elementor-element-2757ce5 e-con-full e-flex e-con e-child\" data-id=\"2757ce5\" data-element_type=\"container\" data-e-type=\"container\">\n\t\t\t\t<div class=\"elementor-element elementor-element-b73b466 elementor-widget elementor-widget-text-editor\" data-id=\"b73b466\" data-element_type=\"widget\" data-e-type=\"widget\" data-widget_type=\"text-editor.default\">\n\t\t\t\t\t\t\t\t\t<h2><strong>LB serisi vidal\u0131 s\u0131cak d\u00f6vme manip\u00fclat\u00f6r\u00fcn\u00fcn \u00f6zellikleri<\/strong><\/h2><ol><li><strong>\u0130yi g\u00fcvenlik:<\/strong>\u00a0Z\u0131mba pres \u00e7al\u0131\u015fma masas\u0131, ar\u0131za durumunda hammaddelerin veya kal\u0131p par\u00e7alar\u0131n\u0131n f\u0131rlayarak insanlar\u0131 yaralamas\u0131n\u0131 \u00f6nlemek i\u00e7in koruyucu bir plaka ile donat\u0131lm\u0131\u015ft\u0131r.;<\/li><li>K\u00fc\u00e7\u00fck ayak izi: Robot kol, ek alan kaplamadan do\u011frudan alt \u015fablona monte edilir;<\/li><li><strong>H\u0131zl\u0131 \u00fcretim h\u0131z\u0131:\u00a0<\/strong>Robotik kol, \u015fablona do\u011frudan monte edilir, k\u0131sa stroklu ve h\u0131zl\u0131d\u0131r;<\/li><li><strong>Kal\u0131p de\u011fi\u015ftirmede emek tasarrufu ve g\u00fcvenlik:\u00a0<\/strong>Geleneksel kal\u0131p kilitleme, vurmak ve kilitlemek i\u00e7in b\u00fcy\u00fck bir anahtar ve \u00e7eki\u00e7 kullan\u0131m\u0131n\u0131 gerektirir, bu da g\u00fcvenlik kazalar\u0131na yol a\u00e7abilir. Art\u0131k b\u00fcy\u00fck bir \u00e7eki\u00e7 gerekmeden 6 viday\u0131 kilitlemek i\u00e7in de\u011fi\u015ftirilmi\u015ftir, bu da efor tasarrufu sa\u011flar ve par\u00e7alar\u0131n f\u0131rlamas\u0131 veya kazara yaralanmalar gibi kazalar\u0131 \u00f6nler.<\/li><li><strong>Kullan\u0131lan ekipman:\u00a0<\/strong>Kapal\u0131 bobinler kullan\u0131larak, enerji tasarrufu sa\u011flayan mevcut ind\u00fcksiyon f\u0131r\u0131nlar\u0131 genellikle de\u011fi\u015ftirilmeden kullan\u0131labilir.<\/li><\/ol>\t\t\t\t\t\t\t\t<\/div>\n\t\t\t\t<\/div>\n\t\t\t\t\t<\/div>\n\t\t\t\t<\/div>\n\t\t<div class=\"elementor-element elementor-element-1a68392 e-flex e-con-boxed e-con e-parent\" data-id=\"1a68392\" data-element_type=\"container\" data-e-type=\"container\">\n\t\t\t\t\t<div class=\"e-con-inner\">\n\t\t\t\t<div class=\"elementor-element elementor-element-4a1fe0c elementor-widget elementor-widget-text-editor\" data-id=\"4a1fe0c\" data-element_type=\"widget\" data-e-type=\"widget\" data-widget_type=\"text-editor.default\">\n\t\t\t\t\t\t\t\t\t<h2><strong>LB serisi vidal\u0131 s\u0131cak d\u00f6vme manip\u00fclat\u00f6r\u00fcn\u00fcn ana bile\u015fenleri<\/strong><\/h2><ol><li>Tam otomatik besleme makinesi: \u00e7ubuk malzemesini hazneden konvey\u00f6r band\u0131na kald\u0131r\u0131r ve otomatik olarak d\u00fcz bir \u00e7izgide hareket edecek \u015fekilde d\u00fczenler;<\/li><li>Tam otomatik b\u00f6lme cihaz\u0131: Alg\u0131lama sinyaline g\u00f6re, \u00e7ubuk malzeme otomatik olarak b\u00f6l\u00fcn\u00fcr ve gerekli y\u00f6nde \u0131s\u0131tma cihaz\u0131na girer;<\/li><li>Tam otomatik yerel \u0131s\u0131tma cihaz\u0131: Vida ham maddesi, enerji tasarrufu i\u00e7in kapal\u0131 bir bobin kullan\u0131larak elektrikli f\u0131r\u0131nda gerekti\u011fi gibi \u0131s\u0131t\u0131l\u0131r;<\/li><li>Elektrikli f\u0131r\u0131n: gereksinimlere g\u00f6re kendi sat\u0131n al\u0131n\u0131r, mevcut olanlar al\u0131c\u0131n\u0131n gereksinimlerine g\u00f6re yeniden konumland\u0131r\u0131l\u0131r (genellikle y\u00fckseltilir);<\/li><li>Z\u0131mba presi: kendi sat\u0131n al\u0131nan veya gereksinimlere g\u00f6re de\u011fi\u015ftirilen;<\/li><li>Kal\u0131p \u00e7er\u00e7evesi ve kal\u0131p: al\u0131c\u0131 taraf\u0131ndan mevcut veya sat\u0131c\u0131 taraf\u0131ndan sa\u011flan\u0131r;<\/li><li>Tam otomatik vida s\u0131cak d\u00f6vme manip\u00fclat\u00f6r\u00fc: kullan\u0131m i\u00e7in kal\u0131p \u00e7er\u00e7evesine monte edilmi\u015ftir.<\/li><\/ol><h2><strong>LB serisi vidal\u0131 s\u0131cak d\u00f6vme manip\u00fclat\u00f6r\u00fcn\u00fcn uygulama senaryolar\u0131<\/strong><\/h2><ol><li>Tam otomatik boyun daraltma mekanizmas\u0131;<\/li><li>Yerel olarak \u0131s\u0131t\u0131lan vidalar\u0131n tam otomatik \u00fcretimi;<\/li><li>Tamamen otomatikle\u015ftirilmi\u015f, tamamen \u0131s\u0131t\u0131lm\u0131\u015f (tamamen k\u0131rm\u0131z\u0131) vida \u00fcretimi;<\/li><li>Tam otomatik yerel \u0131s\u0131tma vidas\u0131, \u0131s\u0131tma h\u0131z\u0131 dakikada 20 par\u00e7adan az olmamak kayd\u0131yla, genellikle elektrikli f\u0131r\u0131n\u0131 de\u011fi\u015ftirmeye gerek yoktur, manuel \u00fcretim.<\/li><\/ol>\t\t\t\t\t\t\t\t<\/div>\n\t\t\t\t\t<\/div>\n\t\t\t\t<\/div>\n\t\t\t\t<\/div>","protected":false},"excerpt":{"rendered":"<p>LB series screw hot forging CNC robotic arm Characteristics of LB series screw hot forging manipulator Good safety:\u00a0The punch press worktable is equipped with a protective plate to prevent raw materials or mold fragments from flying out and injuring people in the event of a malfunction; Small footprint: The robotic arm is directly installed on [&hellip;]<\/p>\n","protected":false},"author":1,"featured_media":0,"parent":0,"menu_order":0,"comment_status":"closed","ping_status":"closed","template":"elementor_header_footer","meta":{"footnotes":""},"class_list":["post-572","page","type-page","status-publish","hentry"],"yoast_head":"<!-- This site is optimized with the Yoast SEO plugin v27.0 - https:\/\/yoast.com\/product\/yoast-seo-wordpress\/ -->\n<title>LB Screw Hot Forging CNC Arm - TRUCHIN TECHNOLOGY<\/title>\n<meta name=\"robots\" content=\"index, follow, max-snippet:-1, max-image-preview:large, max-video-preview:-1\" \/>\n<link rel=\"canonical\" href=\"https:\/\/truchintech.com\/tr\/lb-screw-hot-forging-cnc-arm\/\" \/>\n<meta property=\"og:locale\" content=\"tr_TR\" \/>\n<meta property=\"og:type\" content=\"article\" \/>\n<meta property=\"og:title\" content=\"LB Screw Hot Forging CNC Arm - TRUCHIN TECHNOLOGY\" \/>\n<meta property=\"og:description\" content=\"LB series screw hot forging CNC robotic arm Characteristics of LB series screw hot forging manipulator Good safety:\u00a0The punch press worktable is equipped with a protective plate to prevent raw materials or mold fragments from flying out and injuring people in the event of a malfunction; Small footprint: The robotic arm is directly installed on [&hellip;]\" \/>\n<meta property=\"og:url\" content=\"https:\/\/truchintech.com\/tr\/lb-screw-hot-forging-cnc-arm\/\" \/>\n<meta property=\"og:site_name\" content=\"TRUCHIN TECHNOLOGY\" \/>\n<meta property=\"article:modified_time\" content=\"2025-12-23T17:46:26+00:00\" \/>\n<meta property=\"og:image\" content=\"https:\/\/truchintech.com\/wp-content\/uploads\/2025\/12\/Banner-2-1.jpg\" \/>\n<meta name=\"twitter:card\" content=\"summary_large_image\" \/>\n<meta name=\"twitter:label1\" content=\"Tahmini okuma s\u00fcresi\" \/>\n\t<meta name=\"twitter:data1\" content=\"2 dakika\" \/>\n<script type=\"application\/ld+json\" class=\"yoast-schema-graph\">{\"@context\":\"https:\/\/schema.org\",\"@graph\":[{\"@type\":\"WebPage\",\"@id\":\"https:\/\/truchintech.com\/lb-screw-hot-forging-cnc-arm\/\",\"url\":\"https:\/\/truchintech.com\/lb-screw-hot-forging-cnc-arm\/\",\"name\":\"LB Screw Hot Forging CNC Arm - TRUCHIN TECHNOLOGY\",\"isPartOf\":{\"@id\":\"https:\/\/truchintech.com\/#website\"},\"primaryImageOfPage\":{\"@id\":\"https:\/\/truchintech.com\/lb-screw-hot-forging-cnc-arm\/#primaryimage\"},\"image\":{\"@id\":\"https:\/\/truchintech.com\/lb-screw-hot-forging-cnc-arm\/#primaryimage\"},\"thumbnailUrl\":\"https:\/\/truchintech.com\/wp-content\/uploads\/2025\/12\/Banner-2-1.jpg\",\"datePublished\":\"2025-12-18T18:08:48+00:00\",\"dateModified\":\"2025-12-23T17:46:26+00:00\",\"breadcrumb\":{\"@id\":\"https:\/\/truchintech.com\/lb-screw-hot-forging-cnc-arm\/#breadcrumb\"},\"inLanguage\":\"tr\",\"potentialAction\":[{\"@type\":\"ReadAction\",\"target\":[\"https:\/\/truchintech.com\/lb-screw-hot-forging-cnc-arm\/\"]}]},{\"@type\":\"ImageObject\",\"inLanguage\":\"tr\",\"@id\":\"https:\/\/truchintech.com\/lb-screw-hot-forging-cnc-arm\/#primaryimage\",\"url\":\"https:\/\/truchintech.com\/wp-content\/uploads\/2025\/12\/Banner-2-1.jpg\",\"contentUrl\":\"https:\/\/truchintech.com\/wp-content\/uploads\/2025\/12\/Banner-2-1.jpg\"},{\"@type\":\"BreadcrumbList\",\"@id\":\"https:\/\/truchintech.com\/lb-screw-hot-forging-cnc-arm\/#breadcrumb\",\"itemListElement\":[{\"@type\":\"ListItem\",\"position\":1,\"name\":\"Home\",\"item\":\"https:\/\/truchintech.com\/tr\/\"},{\"@type\":\"ListItem\",\"position\":2,\"name\":\"LB Screw Hot Forging CNC Arm\"}]},{\"@type\":\"WebSite\",\"@id\":\"https:\/\/truchintech.com\/#website\",\"url\":\"https:\/\/truchintech.com\/\",\"name\":\"XIAMEN TRUCHIN TECHNOLOGY CO.,LTD.\",\"description\":\"XIAMEN TRUCHIN TECHNOLOGY CO.,LTD.\",\"publisher\":{\"@id\":\"https:\/\/truchintech.com\/#organization\"},\"potentialAction\":[{\"@type\":\"SearchAction\",\"target\":{\"@type\":\"EntryPoint\",\"urlTemplate\":\"https:\/\/truchintech.com\/?s={search_term_string}\"},\"query-input\":{\"@type\":\"PropertyValueSpecification\",\"valueRequired\":true,\"valueName\":\"search_term_string\"}}],\"inLanguage\":\"tr\"},{\"@type\":\"Organization\",\"@id\":\"https:\/\/truchintech.com\/#organization\",\"name\":\"XIAMEN TRUCHIN TECHNOLOGY CO.,LTD.\",\"url\":\"https:\/\/truchintech.com\/\",\"logo\":{\"@type\":\"ImageObject\",\"inLanguage\":\"tr\",\"@id\":\"https:\/\/truchintech.com\/#\/schema\/logo\/image\/\",\"url\":\"https:\/\/truchintech.com\/wp-content\/uploads\/2025\/12\/logo_transpare2nt.png\",\"contentUrl\":\"https:\/\/truchintech.com\/wp-content\/uploads\/2025\/12\/logo_transpare2nt.png\",\"width\":128,\"height\":100,\"caption\":\"XIAMEN TRUCHIN TECHNOLOGY CO.,LTD.\"},\"image\":{\"@id\":\"https:\/\/truchintech.com\/#\/schema\/logo\/image\/\"}}]}<\/script>\n<!-- \/ Yoast SEO plugin. -->","yoast_head_json":{"title":"LB Vidal\u0131 S\u0131cak D\u00f6vme CNC Kolu - TRUCHIN TECHNOLOGY","robots":{"index":"index","follow":"follow","max-snippet":"max-snippet:-1","max-image-preview":"max-image-preview:large","max-video-preview":"max-video-preview:-1"},"canonical":"https:\/\/truchintech.com\/tr\/lb-screw-hot-forging-cnc-arm\/","og_locale":"tr_TR","og_type":"article","og_title":"LB Screw Hot Forging CNC Arm - TRUCHIN TECHNOLOGY","og_description":"LB series screw hot forging CNC robotic arm Characteristics of LB series screw hot forging manipulator Good safety:\u00a0The punch press worktable is equipped with a protective plate to prevent raw materials or mold fragments from flying out and injuring people in the event of a malfunction; Small footprint: The robotic arm is directly installed on [&hellip;]","og_url":"https:\/\/truchintech.com\/tr\/lb-screw-hot-forging-cnc-arm\/","og_site_name":"TRUCHIN TECHNOLOGY","article_modified_time":"2025-12-23T17:46:26+00:00","og_image":[{"url":"https:\/\/truchintech.com\/wp-content\/uploads\/2025\/12\/Banner-2-1.jpg","type":"","width":"","height":""}],"twitter_card":"summary_large_image","twitter_misc":{"Tahmini okuma s\u00fcresi":"2 dakika"},"schema":{"@context":"https:\/\/schema.org","@graph":[{"@type":"WebPage","@id":"https:\/\/truchintech.com\/lb-screw-hot-forging-cnc-arm\/","url":"https:\/\/truchintech.com\/lb-screw-hot-forging-cnc-arm\/","name":"LB Vidal\u0131 S\u0131cak D\u00f6vme CNC Kolu - TRUCHIN TECHNOLOGY","isPartOf":{"@id":"https:\/\/truchintech.com\/#website"},"primaryImageOfPage":{"@id":"https:\/\/truchintech.com\/lb-screw-hot-forging-cnc-arm\/#primaryimage"},"image":{"@id":"https:\/\/truchintech.com\/lb-screw-hot-forging-cnc-arm\/#primaryimage"},"thumbnailUrl":"https:\/\/truchintech.com\/wp-content\/uploads\/2025\/12\/Banner-2-1.jpg","datePublished":"2025-12-18T18:08:48+00:00","dateModified":"2025-12-23T17:46:26+00:00","breadcrumb":{"@id":"https:\/\/truchintech.com\/lb-screw-hot-forging-cnc-arm\/#breadcrumb"},"inLanguage":"tr","potentialAction":[{"@type":"ReadAction","target":["https:\/\/truchintech.com\/lb-screw-hot-forging-cnc-arm\/"]}]},{"@type":"ImageObject","inLanguage":"tr","@id":"https:\/\/truchintech.com\/lb-screw-hot-forging-cnc-arm\/#primaryimage","url":"https:\/\/truchintech.com\/wp-content\/uploads\/2025\/12\/Banner-2-1.jpg","contentUrl":"https:\/\/truchintech.com\/wp-content\/uploads\/2025\/12\/Banner-2-1.jpg"},{"@type":"BreadcrumbList","@id":"https:\/\/truchintech.com\/lb-screw-hot-forging-cnc-arm\/#breadcrumb","itemListElement":[{"@type":"ListItem","position":1,"name":"Home","item":"https:\/\/truchintech.com\/tr\/"},{"@type":"ListItem","position":2,"name":"LB Screw Hot Forging CNC Arm"}]},{"@type":"WebSite","@id":"https:\/\/truchintech.com\/#website","url":"https:\/\/truchintech.com\/","name":"XIAMEN TRUCHIN TEKNOLOJ\u0130 \u015e\u0130RKET\u0130, LTD.","description":"XIAMEN TRUCHIN TEKNOLOJ\u0130 \u015e\u0130RKET\u0130, LTD.","publisher":{"@id":"https:\/\/truchintech.com\/#organization"},"potentialAction":[{"@type":"SearchAction","target":{"@type":"EntryPoint","urlTemplate":"https:\/\/truchintech.com\/?s={search_term_string}"},"query-input":{"@type":"PropertyValueSpecification","valueRequired":true,"valueName":"search_term_string"}}],"inLanguage":"tr"},{"@type":"Organization","@id":"https:\/\/truchintech.com\/#organization","name":"XIAMEN TRUCHIN TEKNOLOJ\u0130 \u015e\u0130RKET\u0130, LTD.","url":"https:\/\/truchintech.com\/","logo":{"@type":"ImageObject","inLanguage":"tr","@id":"https:\/\/truchintech.com\/#\/schema\/logo\/image\/","url":"https:\/\/truchintech.com\/wp-content\/uploads\/2025\/12\/logo_transpare2nt.png","contentUrl":"https:\/\/truchintech.com\/wp-content\/uploads\/2025\/12\/logo_transpare2nt.png","width":128,"height":100,"caption":"XIAMEN TRUCHIN TECHNOLOGY CO.,LTD."},"image":{"@id":"https:\/\/truchintech.com\/#\/schema\/logo\/image\/"}}]}},"_hostinger_reach_plugin_has_subscription_block":false,"_hostinger_reach_plugin_is_elementor":false,"_links":{"self":[{"href":"https:\/\/truchintech.com\/tr\/wp-json\/wp\/v2\/pages\/572","targetHints":{"allow":["GET"]}}],"collection":[{"href":"https:\/\/truchintech.com\/tr\/wp-json\/wp\/v2\/pages"}],"about":[{"href":"https:\/\/truchintech.com\/tr\/wp-json\/wp\/v2\/types\/page"}],"author":[{"embeddable":true,"href":"https:\/\/truchintech.com\/tr\/wp-json\/wp\/v2\/users\/1"}],"replies":[{"embeddable":true,"href":"https:\/\/truchintech.com\/tr\/wp-json\/wp\/v2\/comments?post=572"}],"version-history":[{"count":20,"href":"https:\/\/truchintech.com\/tr\/wp-json\/wp\/v2\/pages\/572\/revisions"}],"predecessor-version":[{"id":981,"href":"https:\/\/truchintech.com\/tr\/wp-json\/wp\/v2\/pages\/572\/revisions\/981"}],"wp:attachment":[{"href":"https:\/\/truchintech.com\/tr\/wp-json\/wp\/v2\/media?parent=572"}],"curies":[{"name":"wp","href":"https:\/\/api.w.org\/{rel}","templated":true}]}}