{"id":291,"date":"2025-12-11T15:22:30","date_gmt":"2025-12-11T15:22:30","guid":{"rendered":"https:\/\/truchintech.com\/services\/"},"modified":"2025-12-18T15:29:36","modified_gmt":"2025-12-18T15:29:36","slug":"service","status":"publish","type":"page","link":"https:\/\/truchintech.com\/vi\/service\/","title":{"rendered":"D\u1ecbch v\u1ee5"},"content":{"rendered":"<div data-elementor-type=\"wp-page\" data-elementor-id=\"291\" class=\"elementor elementor-291\" data-elementor-post-type=\"page\">\n\t\t\t\t<div class=\"elementor-element elementor-element-564750b7 e-flex e-con-boxed e-con e-parent\" data-id=\"564750b7\" data-element_type=\"container\" data-e-type=\"container\">\n\t\t\t\t\t<div class=\"e-con-inner\">\n\t\t\t\t<div class=\"elementor-element elementor-element-3b6da6f9 elementor-invisible elementor-widget elementor-widget-heading\" data-id=\"3b6da6f9\" data-element_type=\"widget\" data-e-type=\"widget\" data-settings=\"{&quot;_animation&quot;:&quot;fadeIn&quot;}\" data-widget_type=\"heading.default\">\n\t\t\t\t\t<h1 class=\"elementor-heading-title elementor-size-default\">Ti\u00eau \u0111\u1ec1 n\u00e0y thu h\u00fat s\u1ef1 ch\u00fa \u00fd c\u1ee7a ng\u01b0\u1eddi xem.<\/h1>\t\t\t\t<\/div>\n\t\t\t\t<div class=\"elementor-element elementor-element-5679f492 elementor-widget elementor-widget-heading\" data-id=\"5679f492\" data-element_type=\"widget\" data-e-type=\"widget\" data-widget_type=\"heading.default\">\n\t\t\t\t\t<h5 class=\"elementor-heading-title elementor-size-default\">M\u1ed9t m\u00f4 t\u1ea3 ng\u1eafn gi\u1edbi thi\u1ec7u v\u1ec1 doanh nghi\u1ec7p c\u1ee7a b\u1ea1n v\u00e0 c\u00e1c d\u1ecbch v\u1ee5 cung c\u1ea5p cho kh\u00e1ch truy c\u1eadp.<\/h5>\t\t\t\t<\/div>\n\t\t\t\t\t<\/div>\n\t\t\t\t<\/div>\n\t\t<div class=\"elementor-element elementor-element-761999f1 e-flex e-con-boxed e-con e-parent\" data-id=\"761999f1\" data-element_type=\"container\" data-e-type=\"container\" data-settings=\"{&quot;background_background&quot;:&quot;classic&quot;}\">\n\t\t\t\t\t<div class=\"e-con-inner\">\n\t\t<div class=\"elementor-element elementor-element-7ebf09ac e-con-full e-flex e-con e-parent\" data-id=\"7ebf09ac\" data-element_type=\"container\" data-e-type=\"container\">\n\t\t\t\t<div class=\"elementor-element elementor-element-243f4ce8 elementor-widget elementor-widget-heading\" data-id=\"243f4ce8\" data-element_type=\"widget\" data-e-type=\"widget\" data-widget_type=\"heading.default\">\n\t\t\t\t\t<h2 class=\"elementor-heading-title elementor-size-default\">D\u1ecbch v\u1ee5 1<\/h2>\t\t\t\t<\/div>\n\t\t\t\t<div class=\"elementor-element elementor-element-141d2799 elementor-widget elementor-widget-text-editor\" data-id=\"141d2799\" data-element_type=\"widget\" data-e-type=\"widget\" data-widget_type=\"text-editor.default\">\n\t\t\t\t\t\t\t\t\t<p>M\u1ed9t \u0111o\u1ea1n v\u0103n ng\u1eafn m\u00f4 t\u1ea3 m\u1ee5c ti\u00eau ho\u1eb7c tuy\u00ean b\u1ed1 s\u1ee9 m\u1ec7nh c\u1ee7a c\u00f4ng ty b\u1ea1n. Ph\u1ea7n n\u00e0y nh\u1eb1m gi\u00fap kh\u00e1ch truy c\u1eadp hi\u1ec3u r\u00f5 m\u1ee5c \u0111\u00edch kinh doanh c\u1ee7a c\u00f4ng ty.\u00a0<\/p><p>Lorem ipsum elementum tempus egestas sed sed. Eget nullam non nisi est sit amet facilisis magna. Venenatis cras sed felis eget velit aliquet sagittis id consectetur. Ipsum dolor sit amet consectetur adipiscing. Magna sit amet purus gravida quis. Praesent tristique magna sit amet purus. Turpis nunc eget lorem dolor sed. Dui id ornare arcu odio ut.<\/p>\t\t\t\t\t\t\t\t<\/div>\n\t\t\t\t<\/div>\n\t\t<div class=\"elementor-element elementor-element-17fd8c2e e-con-full e-flex e-con e-parent\" data-id=\"17fd8c2e\" data-element_type=\"container\" data-e-type=\"container\">\n\t\t\t\t<div class=\"elementor-element elementor-element-5755f92e elementor-widget elementor-widget-image\" data-id=\"5755f92e\" data-element_type=\"widget\" data-e-type=\"widget\" data-widget_type=\"image.default\">\n\t\t\t\t\t\t\t\t\t\t\t\t\t\t\t<img fetchpriority=\"high\" decoding=\"async\" width=\"572\" height=\"491\" src=\"https:\/\/truchintech.com\/wp-content\/uploads\/2025\/12\/service-img.jpg\" class=\"attachment-large size-large wp-image-292\" alt=\"\" srcset=\"https:\/\/truchintech.com\/wp-content\/uploads\/2025\/12\/service-img.jpg 572w, https:\/\/truchintech.com\/wp-content\/uploads\/2025\/12\/service-img-300x258.jpg 300w\" sizes=\"(max-width: 572px) 100vw, 572px\" \/>\t\t\t\t\t\t\t\t\t\t\t\t\t\t\t<\/div>\n\t\t\t\t<\/div>\n\t\t\t\t\t<\/div>\n\t\t\t\t<\/div>\n\t\t<div class=\"elementor-element elementor-element-1bd20f87 e-flex e-con-boxed e-con e-parent\" data-id=\"1bd20f87\" data-element_type=\"container\" data-e-type=\"container\" data-settings=\"{&quot;background_background&quot;:&quot;classic&quot;}\">\n\t\t\t\t\t<div class=\"e-con-inner\">\n\t\t<div class=\"elementor-element elementor-element-7a3e4433 e-con-full e-flex e-con e-parent\" data-id=\"7a3e4433\" data-element_type=\"container\" data-e-type=\"container\">\n\t\t\t\t<div class=\"elementor-element elementor-element-14d09850 elementor-widget elementor-widget-image\" data-id=\"14d09850\" data-element_type=\"widget\" data-e-type=\"widget\" data-widget_type=\"image.default\">\n\t\t\t\t\t\t\t\t\t\t\t\t\t\t\t<img fetchpriority=\"high\" decoding=\"async\" width=\"572\" height=\"491\" src=\"https:\/\/truchintech.com\/wp-content\/uploads\/2025\/12\/service-img.jpg\" class=\"attachment-large size-large wp-image-292\" alt=\"\" srcset=\"https:\/\/truchintech.com\/wp-content\/uploads\/2025\/12\/service-img.jpg 572w, https:\/\/truchintech.com\/wp-content\/uploads\/2025\/12\/service-img-300x258.jpg 300w\" sizes=\"(max-width: 572px) 100vw, 572px\" \/>\t\t\t\t\t\t\t\t\t\t\t\t\t\t\t<\/div>\n\t\t\t\t<\/div>\n\t\t<div class=\"elementor-element elementor-element-73efcc33 e-con-full e-flex e-con e-parent\" data-id=\"73efcc33\" data-element_type=\"container\" data-e-type=\"container\">\n\t\t\t\t<div class=\"elementor-element elementor-element-574de627 elementor-widget elementor-widget-heading\" data-id=\"574de627\" data-element_type=\"widget\" data-e-type=\"widget\" data-widget_type=\"heading.default\">\n\t\t\t\t\t<h2 class=\"elementor-heading-title elementor-size-default\">D\u1ecbch v\u1ee5 2<\/h2>\t\t\t\t<\/div>\n\t\t\t\t<div class=\"elementor-element elementor-element-1d95bf2c elementor-widget elementor-widget-text-editor\" data-id=\"1d95bf2c\" data-element_type=\"widget\" data-e-type=\"widget\" data-widget_type=\"text-editor.default\">\n\t\t\t\t\t\t\t\t\t<p>M\u1ed9t \u0111o\u1ea1n v\u0103n ng\u1eafn m\u00f4 t\u1ea3 m\u1ee5c ti\u00eau ho\u1eb7c tuy\u00ean b\u1ed1 s\u1ee9 m\u1ec7nh c\u1ee7a c\u00f4ng ty b\u1ea1n. Ph\u1ea7n n\u00e0y nh\u1eb1m gi\u00fap kh\u00e1ch truy c\u1eadp hi\u1ec3u r\u00f5 m\u1ee5c \u0111\u00edch kinh doanh c\u1ee7a c\u00f4ng ty.\u00a0<\/p><p>Lorem ipsum elementum tempus egestas sed sed. Eget nullam non nisi est sit amet facilisis magna. Venenatis cras sed felis eget velit aliquet sagittis id consectetur. Ipsum dolor sit amet consectetur adipiscing. Magna sit amet purus gravida quis. Praesent tristique magna sit amet purus. Turpis nunc eget lorem dolor sed. Dui id ornare arcu odio ut.<\/p>\t\t\t\t\t\t\t\t<\/div>\n\t\t\t\t<\/div>\n\t\t\t\t\t<\/div>\n\t\t\t\t<\/div>\n\t\t<div class=\"elementor-element elementor-element-e1d2b70 e-flex e-con-boxed e-con e-parent\" data-id=\"e1d2b70\" data-element_type=\"container\" data-e-type=\"container\" data-settings=\"{&quot;background_background&quot;:&quot;classic&quot;}\">\n\t\t\t\t\t<div class=\"e-con-inner\">\n\t\t<div class=\"elementor-element elementor-element-7bfd5618 e-con-full e-flex e-con e-parent\" data-id=\"7bfd5618\" data-element_type=\"container\" data-e-type=\"container\">\n\t\t\t\t<div class=\"elementor-element elementor-element-6edc6ee1 elementor-widget elementor-widget-heading\" data-id=\"6edc6ee1\" data-element_type=\"widget\" data-e-type=\"widget\" data-widget_type=\"heading.default\">\n\t\t\t\t\t<h2 class=\"elementor-heading-title elementor-size-default\">D\u1ecbch v\u1ee5 3<\/h2>\t\t\t\t<\/div>\n\t\t\t\t<div class=\"elementor-element elementor-element-68dc4a48 elementor-widget elementor-widget-text-editor\" data-id=\"68dc4a48\" data-element_type=\"widget\" data-e-type=\"widget\" data-widget_type=\"text-editor.default\">\n\t\t\t\t\t\t\t\t\t<p>M\u1ed9t \u0111o\u1ea1n v\u0103n ng\u1eafn m\u00f4 t\u1ea3 m\u1ee5c ti\u00eau ho\u1eb7c tuy\u00ean b\u1ed1 s\u1ee9 m\u1ec7nh c\u1ee7a c\u00f4ng ty b\u1ea1n. Ph\u1ea7n n\u00e0y nh\u1eb1m gi\u00fap kh\u00e1ch truy c\u1eadp hi\u1ec3u r\u00f5 m\u1ee5c \u0111\u00edch kinh doanh c\u1ee7a c\u00f4ng ty.\u00a0<\/p><p>Lorem ipsum elementum tempus egestas sed sed. Eget nullam non nisi est sit amet facilisis magna. Venenatis cras sed felis eget velit aliquet sagittis id consectetur. Ipsum dolor sit amet consectetur adipiscing. Magna sit amet purus gravida quis. Praesent tristique magna sit amet purus. Turpis nunc eget lorem dolor sed. Dui id ornare arcu odio ut.<\/p>\t\t\t\t\t\t\t\t<\/div>\n\t\t\t\t<\/div>\n\t\t<div class=\"elementor-element elementor-element-50c2a7fd e-con-full e-flex e-con e-parent\" data-id=\"50c2a7fd\" data-element_type=\"container\" data-e-type=\"container\">\n\t\t\t\t<div class=\"elementor-element elementor-element-6b53b59d elementor-widget elementor-widget-image\" data-id=\"6b53b59d\" data-element_type=\"widget\" data-e-type=\"widget\" data-widget_type=\"image.default\">\n\t\t\t\t\t\t\t\t\t\t\t\t\t\t\t<img fetchpriority=\"high\" decoding=\"async\" width=\"572\" height=\"491\" src=\"https:\/\/truchintech.com\/wp-content\/uploads\/2025\/12\/service-img.jpg\" class=\"attachment-large size-large wp-image-292\" alt=\"\" srcset=\"https:\/\/truchintech.com\/wp-content\/uploads\/2025\/12\/service-img.jpg 572w, https:\/\/truchintech.com\/wp-content\/uploads\/2025\/12\/service-img-300x258.jpg 300w\" sizes=\"(max-width: 572px) 100vw, 572px\" \/>\t\t\t\t\t\t\t\t\t\t\t\t\t\t\t<\/div>\n\t\t\t\t<\/div>\n\t\t\t\t\t<\/div>\n\t\t\t\t<\/div>\n\t\t<div class=\"elementor-element elementor-element-3022bc2 e-flex e-con-boxed e-con e-parent\" data-id=\"3022bc2\" data-element_type=\"container\" data-e-type=\"container\" data-settings=\"{&quot;background_background&quot;:&quot;classic&quot;}\">\n\t\t\t\t\t<div class=\"e-con-inner\">\n\t\t<div class=\"elementor-element elementor-element-6fc9a8 e-con-full e-flex e-con e-parent\" data-id=\"6fc9a8\" data-element_type=\"container\" data-e-type=\"container\">\n\t\t\t\t<div class=\"elementor-element elementor-element-606afd4b elementor-widget elementor-widget-image\" data-id=\"606afd4b\" data-element_type=\"widget\" data-e-type=\"widget\" data-widget_type=\"image.default\">\n\t\t\t\t\t\t\t\t\t\t\t\t\t\t\t<img fetchpriority=\"high\" decoding=\"async\" width=\"572\" height=\"491\" src=\"https:\/\/truchintech.com\/wp-content\/uploads\/2025\/12\/service-img.jpg\" class=\"attachment-large size-large wp-image-292\" alt=\"\" srcset=\"https:\/\/truchintech.com\/wp-content\/uploads\/2025\/12\/service-img.jpg 572w, https:\/\/truchintech.com\/wp-content\/uploads\/2025\/12\/service-img-300x258.jpg 300w\" sizes=\"(max-width: 572px) 100vw, 572px\" \/>\t\t\t\t\t\t\t\t\t\t\t\t\t\t\t<\/div>\n\t\t\t\t<\/div>\n\t\t<div class=\"elementor-element elementor-element-3ea75c9a e-con-full e-flex e-con e-parent\" data-id=\"3ea75c9a\" data-element_type=\"container\" data-e-type=\"container\">\n\t\t\t\t<div class=\"elementor-element elementor-element-62ba6f73 elementor-widget elementor-widget-heading\" data-id=\"62ba6f73\" data-element_type=\"widget\" data-e-type=\"widget\" data-widget_type=\"heading.default\">\n\t\t\t\t\t<h2 class=\"elementor-heading-title elementor-size-default\">D\u1ecbch v\u1ee5 4<\/h2>\t\t\t\t<\/div>\n\t\t\t\t<div class=\"elementor-element elementor-element-7ed0d79 elementor-widget elementor-widget-text-editor\" data-id=\"7ed0d79\" data-element_type=\"widget\" data-e-type=\"widget\" data-widget_type=\"text-editor.default\">\n\t\t\t\t\t\t\t\t\t<p>M\u1ed9t \u0111o\u1ea1n v\u0103n ng\u1eafn m\u00f4 t\u1ea3 m\u1ee5c ti\u00eau ho\u1eb7c tuy\u00ean b\u1ed1 s\u1ee9 m\u1ec7nh c\u1ee7a c\u00f4ng ty b\u1ea1n. Ph\u1ea7n n\u00e0y nh\u1eb1m gi\u00fap kh\u00e1ch truy c\u1eadp hi\u1ec3u r\u00f5 m\u1ee5c \u0111\u00edch kinh doanh c\u1ee7a c\u00f4ng ty.\u00a0<\/p><p>Lorem ipsum elementum tempus egestas sed sed. Eget nullam non nisi est sit amet facilisis magna. Venenatis cras sed felis eget velit aliquet sagittis id consectetur. Ipsum dolor sit amet consectetur adipiscing. Magna sit amet purus gravida quis. Praesent tristique magna sit amet purus. Turpis nunc eget lorem dolor sed. Dui id ornare arcu odio ut.<\/p>\t\t\t\t\t\t\t\t<\/div>\n\t\t\t\t<\/div>\n\t\t\t\t\t<\/div>\n\t\t\t\t<\/div>\n\t\t<div class=\"elementor-element elementor-element-62c248bd e-flex e-con-boxed e-con e-parent\" data-id=\"62c248bd\" data-element_type=\"container\" data-e-type=\"container\" data-settings=\"{&quot;background_background&quot;:&quot;classic&quot;}\">\n\t\t\t\t\t<div class=\"e-con-inner\">\n\t\t<div class=\"elementor-element elementor-element-645228eb e-con-full e-flex e-con e-parent\" data-id=\"645228eb\" data-element_type=\"container\" data-e-type=\"container\">\n\t\t\t\t<div class=\"elementor-element elementor-element-559c5c50 elementor-widget elementor-widget-heading\" data-id=\"559c5c50\" data-element_type=\"widget\" data-e-type=\"widget\" data-widget_type=\"heading.default\">\n\t\t\t\t\t<h2 class=\"elementor-heading-title elementor-size-default\">D\u1ecbch v\u1ee5 5<\/h2>\t\t\t\t<\/div>\n\t\t\t\t<div class=\"elementor-element elementor-element-39a28da8 elementor-widget elementor-widget-text-editor\" data-id=\"39a28da8\" data-element_type=\"widget\" data-e-type=\"widget\" data-widget_type=\"text-editor.default\">\n\t\t\t\t\t\t\t\t\t<p>M\u1ed9t \u0111o\u1ea1n v\u0103n ng\u1eafn m\u00f4 t\u1ea3 m\u1ee5c ti\u00eau ho\u1eb7c tuy\u00ean b\u1ed1 s\u1ee9 m\u1ec7nh c\u1ee7a c\u00f4ng ty b\u1ea1n. Ph\u1ea7n n\u00e0y nh\u1eb1m gi\u00fap kh\u00e1ch truy c\u1eadp hi\u1ec3u r\u00f5 m\u1ee5c \u0111\u00edch kinh doanh c\u1ee7a c\u00f4ng ty.\u00a0<\/p><p>Lorem ipsum elementum tempus egestas sed sed. Eget nullam non nisi est sit amet facilisis magna. Venenatis cras sed felis eget velit aliquet sagittis id consectetur. Ipsum dolor sit amet consectetur adipiscing. Magna sit amet purus gravida quis. Praesent tristique magna sit amet purus. Turpis nunc eget lorem dolor sed. Dui id ornare arcu odio ut.<\/p>\t\t\t\t\t\t\t\t<\/div>\n\t\t\t\t<\/div>\n\t\t<div class=\"elementor-element elementor-element-47d7abef e-con-full e-flex e-con e-parent\" data-id=\"47d7abef\" data-element_type=\"container\" data-e-type=\"container\">\n\t\t\t\t<div class=\"elementor-element elementor-element-62f9ebcb elementor-widget elementor-widget-image\" data-id=\"62f9ebcb\" data-element_type=\"widget\" data-e-type=\"widget\" data-widget_type=\"image.default\">\n\t\t\t\t\t\t\t\t\t\t\t\t\t\t\t<img fetchpriority=\"high\" decoding=\"async\" width=\"572\" height=\"491\" src=\"https:\/\/truchintech.com\/wp-content\/uploads\/2025\/12\/service-img.jpg\" class=\"attachment-large size-large wp-image-292\" alt=\"\" srcset=\"https:\/\/truchintech.com\/wp-content\/uploads\/2025\/12\/service-img.jpg 572w, https:\/\/truchintech.com\/wp-content\/uploads\/2025\/12\/service-img-300x258.jpg 300w\" sizes=\"(max-width: 572px) 100vw, 572px\" \/>\t\t\t\t\t\t\t\t\t\t\t\t\t\t\t<\/div>\n\t\t\t\t<\/div>\n\t\t\t\t\t<\/div>\n\t\t\t\t<\/div>\n\t\t<div class=\"elementor-element elementor-element-359a36f9 e-flex e-con-boxed e-con e-parent\" data-id=\"359a36f9\" data-element_type=\"container\" data-e-type=\"container\">\n\t\t\t\t\t<div class=\"e-con-inner\">\n\t\t\t\t<div class=\"elementor-element elementor-element-5d9d2cb9 elementor-cta--layout-image-left elementor-cta--valign-middle elementor-cta--mobile-layout-image-above elementor-cta--skin-classic elementor-animated-content elementor-bg-transform elementor-bg-transform-zoom-in elementor-widget elementor-widget-call-to-action\" data-id=\"5d9d2cb9\" data-element_type=\"widget\" data-e-type=\"widget\" data-widget_type=\"call-to-action.default\">\n\t\t\t\t\t\t\t<div class=\"elementor-cta\">\n\t\t\t\t\t<div class=\"elementor-cta__bg-wrapper\">\n\t\t\t\t<div class=\"elementor-cta__bg elementor-bg\" style=\"background-image: url(https:\/\/truchintech.com\/wp-content\/uploads\/2025\/12\/cta-img.jpg);\" role=\"img\" aria-label=\"cta-img.jpg\"><\/div>\n\t\t\t\t<div class=\"elementor-cta__bg-overlay\"><\/div>\n\t\t\t<\/div>\n\t\t\t\t\t\t\t<div class=\"elementor-cta__content\">\n\t\t\t\t\n\t\t\t\t\t\t\t\t\t<h2 class=\"elementor-cta__title elementor-cta__content-item elementor-content-item\">\n\t\t\t\t\t\tM\u1ed9t l\u1ee3i \u00edch quan tr\u1ecdng m\u00e0 b\u1ea1n mu\u1ed1n nh\u1ea5n m\u1ea1nh\t\t\t\t\t<\/h2>\n\t\t\t\t\n\t\t\t\t\t\t\t\t\t<div class=\"elementor-cta__description elementor-cta__content-item elementor-content-item\">\n\t\t\t\t\t\tH\u00e3y gi\u1ea3i th\u00edch cho kh\u00e1ch h\u00e0ng c\u00e1ch b\u1ea1n s\u1ebd mang l\u1ea1i l\u1ee3i \u00edch n\u00e0y n\u1ebfu h\u1ecd quy\u1ebft \u0111\u1ecbnh h\u1ee3p t\u00e1c v\u1edbi b\u1ea1n.\t\t\t\t\t<\/div>\n\t\t\t\t\n\t\t\t\t\t\t\t\t\t<div class=\"elementor-cta__button-wrapper elementor-cta__content-item elementor-content-item\">\n\t\t\t\t\t<a class=\"elementor-cta__button elementor-button elementor-size-md\">\n\t\t\t\t\t\tT\u00ecm hi\u1ec3u th\u00eam\t\t\t\t\t<\/a>\n\t\t\t\t\t<\/div>\n\t\t\t\t\t\t\t<\/div>\n\t\t\t\t\t\t<\/div>\n\t\t\t\t\t\t<\/div>\n\t\t\t\t\t<\/div>\n\t\t\t\t<\/div>\n\t\t\t\t<\/div>","protected":false},"excerpt":{"rendered":"<p>This Headline Grabs Visitors\u2019 Attention A short description introducing your business and the services to visitors. Service 1 A short paragraph describing your company\u2019s goals or mission statement. This section is meant to help visitors understand the purpose of your business.\u00a0 Lorem ipsum elementum tempus egestas sed sed. Eget nullam non nisi est sit amet [&hellip;]<\/p>\n","protected":false},"author":1,"featured_media":295,"parent":0,"menu_order":0,"comment_status":"closed","ping_status":"closed","template":"elementor_header_footer","meta":{"footnotes":""},"class_list":["post-291","page","type-page","status-publish","has-post-thumbnail","hentry"],"yoast_head":"<!-- This site is optimized with the Yoast SEO plugin v27.0 - https:\/\/yoast.com\/product\/yoast-seo-wordpress\/ -->\n<title>Service - TRUCHIN TECHNOLOGY<\/title>\n<meta name=\"robots\" content=\"index, follow, max-snippet:-1, max-image-preview:large, max-video-preview:-1\" \/>\n<link rel=\"canonical\" href=\"https:\/\/truchintech.com\/vi\/service\/\" \/>\n<meta property=\"og:locale\" content=\"vi_VN\" \/>\n<meta property=\"og:type\" content=\"article\" \/>\n<meta property=\"og:title\" content=\"Service - TRUCHIN TECHNOLOGY\" \/>\n<meta property=\"og:description\" content=\"This Headline Grabs Visitors\u2019 Attention A short description introducing your business and the services to visitors. Service 1 A short paragraph describing your company\u2019s goals or mission statement. This section is meant to help visitors understand the purpose of your business.\u00a0 Lorem ipsum elementum tempus egestas sed sed. Eget nullam non nisi est sit amet [&hellip;]\" \/>\n<meta property=\"og:url\" content=\"https:\/\/truchintech.com\/vi\/service\/\" \/>\n<meta property=\"og:site_name\" content=\"TRUCHIN TECHNOLOGY\" \/>\n<meta property=\"article:modified_time\" content=\"2025-12-18T15:29:36+00:00\" \/>\n<meta property=\"og:image\" content=\"https:\/\/truchintech.com\/wp-content\/uploads\/2025\/12\/Services.jpg\" \/>\n\t<meta property=\"og:image:width\" content=\"401\" \/>\n\t<meta property=\"og:image:height\" content=\"380\" \/>\n\t<meta property=\"og:image:type\" content=\"image\/jpeg\" \/>\n<meta name=\"twitter:card\" content=\"summary_large_image\" \/>\n<meta name=\"twitter:label1\" content=\"\u01af\u1edbc t\u00ednh th\u1eddi gian \u0111\u1ecdc\" \/>\n\t<meta name=\"twitter:data1\" content=\"2 ph\u00fat\" \/>\n<script type=\"application\/ld+json\" class=\"yoast-schema-graph\">{\"@context\":\"https:\/\/schema.org\",\"@graph\":[{\"@type\":\"WebPage\",\"@id\":\"https:\/\/truchintech.com\/service\/\",\"url\":\"https:\/\/truchintech.com\/service\/\",\"name\":\"Service - TRUCHIN TECHNOLOGY\",\"isPartOf\":{\"@id\":\"https:\/\/truchintech.com\/#website\"},\"primaryImageOfPage\":{\"@id\":\"https:\/\/truchintech.com\/service\/#primaryimage\"},\"image\":{\"@id\":\"https:\/\/truchintech.com\/service\/#primaryimage\"},\"thumbnailUrl\":\"https:\/\/truchintech.com\/wp-content\/uploads\/2025\/12\/Services.jpg\",\"datePublished\":\"2025-12-11T15:22:30+00:00\",\"dateModified\":\"2025-12-18T15:29:36+00:00\",\"breadcrumb\":{\"@id\":\"https:\/\/truchintech.com\/service\/#breadcrumb\"},\"inLanguage\":\"vi\",\"potentialAction\":[{\"@type\":\"ReadAction\",\"target\":[\"https:\/\/truchintech.com\/service\/\"]}]},{\"@type\":\"ImageObject\",\"inLanguage\":\"vi\",\"@id\":\"https:\/\/truchintech.com\/service\/#primaryimage\",\"url\":\"https:\/\/truchintech.com\/wp-content\/uploads\/2025\/12\/Services.jpg\",\"contentUrl\":\"https:\/\/truchintech.com\/wp-content\/uploads\/2025\/12\/Services.jpg\",\"width\":401,\"height\":380},{\"@type\":\"BreadcrumbList\",\"@id\":\"https:\/\/truchintech.com\/service\/#breadcrumb\",\"itemListElement\":[{\"@type\":\"ListItem\",\"position\":1,\"name\":\"Home\",\"item\":\"https:\/\/truchintech.com\/tr\/\"},{\"@type\":\"ListItem\",\"position\":2,\"name\":\"Service\"}]},{\"@type\":\"WebSite\",\"@id\":\"https:\/\/truchintech.com\/#website\",\"url\":\"https:\/\/truchintech.com\/\",\"name\":\"XIAMEN TRUCHIN TECHNOLOGY CO.,LTD.\",\"description\":\"XIAMEN TRUCHIN TECHNOLOGY CO.,LTD.\",\"publisher\":{\"@id\":\"https:\/\/truchintech.com\/#organization\"},\"potentialAction\":[{\"@type\":\"SearchAction\",\"target\":{\"@type\":\"EntryPoint\",\"urlTemplate\":\"https:\/\/truchintech.com\/?s={search_term_string}\"},\"query-input\":{\"@type\":\"PropertyValueSpecification\",\"valueRequired\":true,\"valueName\":\"search_term_string\"}}],\"inLanguage\":\"vi\"},{\"@type\":\"Organization\",\"@id\":\"https:\/\/truchintech.com\/#organization\",\"name\":\"XIAMEN TRUCHIN TECHNOLOGY CO.,LTD.\",\"url\":\"https:\/\/truchintech.com\/\",\"logo\":{\"@type\":\"ImageObject\",\"inLanguage\":\"vi\",\"@id\":\"https:\/\/truchintech.com\/#\/schema\/logo\/image\/\",\"url\":\"https:\/\/truchintech.com\/wp-content\/uploads\/2025\/12\/logo_transpare2nt.png\",\"contentUrl\":\"https:\/\/truchintech.com\/wp-content\/uploads\/2025\/12\/logo_transpare2nt.png\",\"width\":128,\"height\":100,\"caption\":\"XIAMEN TRUCHIN TECHNOLOGY CO.,LTD.\"},\"image\":{\"@id\":\"https:\/\/truchintech.com\/#\/schema\/logo\/image\/\"}}]}<\/script>\n<!-- \/ Yoast SEO plugin. -->","yoast_head_json":{"title":"D\u1ecbch v\u1ee5 - TRUCHIN TECHNOLOGY","robots":{"index":"index","follow":"follow","max-snippet":"max-snippet:-1","max-image-preview":"max-image-preview:large","max-video-preview":"max-video-preview:-1"},"canonical":"https:\/\/truchintech.com\/vi\/service\/","og_locale":"vi_VN","og_type":"article","og_title":"Service - TRUCHIN TECHNOLOGY","og_description":"This Headline Grabs Visitors\u2019 Attention A short description introducing your business and the services to visitors. Service 1 A short paragraph describing your company\u2019s goals or mission statement. This section is meant to help visitors understand the purpose of your business.\u00a0 Lorem ipsum elementum tempus egestas sed sed. Eget nullam non nisi est sit amet [&hellip;]","og_url":"https:\/\/truchintech.com\/vi\/service\/","og_site_name":"TRUCHIN TECHNOLOGY","article_modified_time":"2025-12-18T15:29:36+00:00","og_image":[{"width":401,"height":380,"url":"https:\/\/truchintech.com\/wp-content\/uploads\/2025\/12\/Services.jpg","type":"image\/jpeg"}],"twitter_card":"summary_large_image","twitter_misc":{"\u01af\u1edbc t\u00ednh th\u1eddi gian \u0111\u1ecdc":"2 ph\u00fat"},"schema":{"@context":"https:\/\/schema.org","@graph":[{"@type":"WebPage","@id":"https:\/\/truchintech.com\/service\/","url":"https:\/\/truchintech.com\/service\/","name":"D\u1ecbch v\u1ee5 - TRUCHIN TECHNOLOGY","isPartOf":{"@id":"https:\/\/truchintech.com\/#website"},"primaryImageOfPage":{"@id":"https:\/\/truchintech.com\/service\/#primaryimage"},"image":{"@id":"https:\/\/truchintech.com\/service\/#primaryimage"},"thumbnailUrl":"https:\/\/truchintech.com\/wp-content\/uploads\/2025\/12\/Services.jpg","datePublished":"2025-12-11T15:22:30+00:00","dateModified":"2025-12-18T15:29:36+00:00","breadcrumb":{"@id":"https:\/\/truchintech.com\/service\/#breadcrumb"},"inLanguage":"vi","potentialAction":[{"@type":"ReadAction","target":["https:\/\/truchintech.com\/service\/"]}]},{"@type":"ImageObject","inLanguage":"vi","@id":"https:\/\/truchintech.com\/service\/#primaryimage","url":"https:\/\/truchintech.com\/wp-content\/uploads\/2025\/12\/Services.jpg","contentUrl":"https:\/\/truchintech.com\/wp-content\/uploads\/2025\/12\/Services.jpg","width":401,"height":380},{"@type":"BreadcrumbList","@id":"https:\/\/truchintech.com\/service\/#breadcrumb","itemListElement":[{"@type":"ListItem","position":1,"name":"Home","item":"https:\/\/truchintech.com\/tr\/"},{"@type":"ListItem","position":2,"name":"Service"}]},{"@type":"WebSite","@id":"https:\/\/truchintech.com\/#website","url":"https:\/\/truchintech.com\/","name":"C\u00d4NG TY TNHH C\u00d4NG NGH\u1ec6 XIAMEN TRUCHIN.","description":"C\u00d4NG TY TNHH C\u00d4NG NGH\u1ec6 XIAMEN TRUCHIN.","publisher":{"@id":"https:\/\/truchintech.com\/#organization"},"potentialAction":[{"@type":"SearchAction","target":{"@type":"EntryPoint","urlTemplate":"https:\/\/truchintech.com\/?s={search_term_string}"},"query-input":{"@type":"PropertyValueSpecification","valueRequired":true,"valueName":"search_term_string"}}],"inLanguage":"vi"},{"@type":"Organization","@id":"https:\/\/truchintech.com\/#organization","name":"C\u00d4NG TY TNHH C\u00d4NG NGH\u1ec6 XIAMEN TRUCHIN.","url":"https:\/\/truchintech.com\/","logo":{"@type":"ImageObject","inLanguage":"vi","@id":"https:\/\/truchintech.com\/#\/schema\/logo\/image\/","url":"https:\/\/truchintech.com\/wp-content\/uploads\/2025\/12\/logo_transpare2nt.png","contentUrl":"https:\/\/truchintech.com\/wp-content\/uploads\/2025\/12\/logo_transpare2nt.png","width":128,"height":100,"caption":"XIAMEN TRUCHIN TECHNOLOGY CO.,LTD."},"image":{"@id":"https:\/\/truchintech.com\/#\/schema\/logo\/image\/"}}]}},"_hostinger_reach_plugin_has_subscription_block":false,"_hostinger_reach_plugin_is_elementor":false,"_links":{"self":[{"href":"https:\/\/truchintech.com\/vi\/wp-json\/wp\/v2\/pages\/291","targetHints":{"allow":["GET"]}}],"collection":[{"href":"https:\/\/truchintech.com\/vi\/wp-json\/wp\/v2\/pages"}],"about":[{"href":"https:\/\/truchintech.com\/vi\/wp-json\/wp\/v2\/types\/page"}],"author":[{"embeddable":true,"href":"https:\/\/truchintech.com\/vi\/wp-json\/wp\/v2\/users\/1"}],"replies":[{"embeddable":true,"href":"https:\/\/truchintech.com\/vi\/wp-json\/wp\/v2\/comments?post=291"}],"version-history":[{"count":6,"href":"https:\/\/truchintech.com\/vi\/wp-json\/wp\/v2\/pages\/291\/revisions"}],"predecessor-version":[{"id":521,"href":"https:\/\/truchintech.com\/vi\/wp-json\/wp\/v2\/pages\/291\/revisions\/521"}],"wp:featuredmedia":[{"embeddable":true,"href":"https:\/\/truchintech.com\/vi\/wp-json\/wp\/v2\/media\/295"}],"wp:attachment":[{"href":"https:\/\/truchintech.com\/vi\/wp-json\/wp\/v2\/media?parent=291"}],"curies":[{"name":"wp","href":"https:\/\/api.w.org\/{rel}","templated":true}]}}