{"id":572,"date":"2025-12-18T18:08:48","date_gmt":"2025-12-18T18:08:48","guid":{"rendered":"https:\/\/truchintech.com\/?page_id=572"},"modified":"2025-12-23T17:46:26","modified_gmt":"2025-12-23T17:46:26","slug":"lb-screw-hot-forging-cnc-arm","status":"publish","type":"page","link":"https:\/\/truchintech.com\/vi\/lb-screw-hot-forging-cnc-arm\/","title":{"rendered":"\u1ed0c v\u00edt LB \u0111\u00fac n\u00f3ng CNC"},"content":{"rendered":"<div data-elementor-type=\"wp-page\" data-elementor-id=\"572\" class=\"elementor elementor-572\" data-elementor-post-type=\"page\">\n\t\t\t\t<div class=\"elementor-element elementor-element-d87c6d1 e-flex e-con-boxed e-con e-parent\" data-id=\"d87c6d1\" data-element_type=\"container\" data-e-type=\"container\">\n\t\t\t\t\t<div class=\"e-con-inner\">\n\t\t<div class=\"elementor-element elementor-element-07c3797 e-con-full e-flex e-con e-child\" data-id=\"07c3797\" data-element_type=\"container\" data-e-type=\"container\">\n\t\t\t\t<div class=\"elementor-element elementor-element-13af0ae elementor-widget elementor-widget-image\" data-id=\"13af0ae\" data-element_type=\"widget\" data-e-type=\"widget\" data-widget_type=\"image.default\">\n\t\t\t\t\t\t\t\t\t\t\t\t<figure class=\"wp-caption\">\n\t\t\t\t\t\t\t\t\t\t<img fetchpriority=\"high\" decoding=\"async\" width=\"1920\" height=\"300\" src=\"https:\/\/truchintech.com\/wp-content\/uploads\/2025\/12\/Banner-2-1.jpg\" class=\"attachment-full size-full wp-image-527\" alt=\"\" srcset=\"https:\/\/truchintech.com\/wp-content\/uploads\/2025\/12\/Banner-2-1.jpg 1920w, https:\/\/truchintech.com\/wp-content\/uploads\/2025\/12\/Banner-2-1-300x47.jpg 300w, https:\/\/truchintech.com\/wp-content\/uploads\/2025\/12\/Banner-2-1-1024x160.jpg 1024w, https:\/\/truchintech.com\/wp-content\/uploads\/2025\/12\/Banner-2-1-768x120.jpg 768w, https:\/\/truchintech.com\/wp-content\/uploads\/2025\/12\/Banner-2-1-1536x240.jpg 1536w\" sizes=\"(max-width: 1920px) 100vw, 1920px\" \/>\t\t\t\t\t\t\t\t\t\t\t<figcaption class=\"widget-image-caption wp-caption-text\">D\u00f2ng LB - M\u00e1y \u00e9p n\u00f3ng b\u1eb1ng v\u00edt cho c\u00e1nh tay robot CNC<\/figcaption>\n\t\t\t\t\t\t\t\t\t\t<\/figure>\n\t\t\t\t\t\t\t\t\t<\/div>\n\t\t\t\t<\/div>\n\t\t\t\t\t<\/div>\n\t\t\t\t<\/div>\n\t\t<div class=\"elementor-element elementor-element-75a6ec1 e-flex e-con-boxed e-con e-parent\" data-id=\"75a6ec1\" data-element_type=\"container\" data-e-type=\"container\">\n\t\t\t\t\t<div class=\"e-con-inner\">\n\t\t<div class=\"elementor-element elementor-element-7a43075 e-con-full e-flex e-con e-child\" data-id=\"7a43075\" data-element_type=\"container\" data-e-type=\"container\">\n\t\t\t\t<div class=\"elementor-element elementor-element-714a594 elementor-skin-carousel elementor-arrows-yes elementor-pagination-type-bullets elementor-pagination-position-outside elementor-widget elementor-widget-media-carousel\" data-id=\"714a594\" data-element_type=\"widget\" data-e-type=\"widget\" data-settings=\"{&quot;slides_per_view&quot;:&quot;1&quot;,&quot;skin&quot;:&quot;carousel&quot;,&quot;effect&quot;:&quot;slide&quot;,&quot;show_arrows&quot;:&quot;yes&quot;,&quot;pagination&quot;:&quot;bullets&quot;,&quot;speed&quot;:500,&quot;autoplay&quot;:&quot;yes&quot;,&quot;autoplay_speed&quot;:5000,&quot;loop&quot;:&quot;yes&quot;,&quot;pause_on_hover&quot;:&quot;yes&quot;,&quot;pause_on_interaction&quot;:&quot;yes&quot;,&quot;space_between&quot;:{&quot;unit&quot;:&quot;px&quot;,&quot;size&quot;:10,&quot;sizes&quot;:[]},&quot;space_between_tablet&quot;:{&quot;unit&quot;:&quot;px&quot;,&quot;size&quot;:10,&quot;sizes&quot;:[]},&quot;space_between_mobile&quot;:{&quot;unit&quot;:&quot;px&quot;,&quot;size&quot;:10,&quot;sizes&quot;:[]}}\" data-widget_type=\"media-carousel.default\">\n\t\t\t\t\t\t\t\t\t\t<div class=\"elementor-main-swiper swiper\" role=\"region\" aria-roledescription=\"carousel\" aria-label=\"B\u1ea3n tr\u00ecnh chi\u1ebfu\">\n\t\t\t\t<div class=\"swiper-wrapper\">\n\t\t\t\t\t\t\t\t\t\t\t<div class=\"swiper-slide\" role=\"group\" aria-roledescription=\"slide\">\n\t\t\t\t\t\t\t\t\t<div class=\"elementor-carousel-image\" role=\"img\" aria-label=\"D\u00f2ng LB - M\u00e1y \u00e9p \u1ed1c v\u00edt - \u00c9p n\u00f3ng - CNC - C\u00e1nh tay robot\" style=\"background-image: url(&#039;https:\/\/truchintech.com\/wp-content\/uploads\/2025\/12\/LB-series-screw-hot-forging-CNC-robotic-arm.jpg&#039;)\">\n\n\t\t\t\n\t\t\t\t\t<\/div>\n\t\t\t\t\t\t\t\t<\/div>\n\t\t\t\t\t\t\t\t\t\t\t<div class=\"swiper-slide\" role=\"group\" aria-roledescription=\"slide\">\n\t\t\t\t\t\t\t\t\t<div class=\"elementor-carousel-image\" role=\"img\" aria-label=\"14\" style=\"background-image: url(&#039;https:\/\/truchintech.com\/wp-content\/uploads\/2025\/12\/14.jpg&#039;)\">\n\n\t\t\t\n\t\t\t\t\t<\/div>\n\t\t\t\t\t\t\t\t<\/div>\n\t\t\t\t\t\t\t\t\t<\/div>\n\t\t\t\t\t\t\t\t\t\t\t\t\t\t\t<div class=\"elementor-swiper-button elementor-swiper-button-prev\" role=\"button\" tabindex=\"0\" aria-label=\"Tr\u01b0\u1edbc \u0111\u00f3\">\n\t\t\t\t\t\t\t<svg aria-hidden=\"true\" class=\"e-font-icon-svg e-eicon-chevron-left\" viewbox=\"0 0 1000 1000\" xmlns=\"http:\/\/www.w3.org\/2000\/svg\"><path d=\"M646 125C629 125 613 133 604 142L308 442C296 454 292 471 292 487 292 504 296 521 308 533L604 854C617 867 629 875 646 875 663 875 679 871 692 858 704 846 713 829 713 812 713 796 708 779 692 767L438 487 692 225C700 217 708 204 708 187 708 171 704 154 692 142 675 129 663 125 646 125Z\"><\/path><\/svg>\t\t\t\t\t\t<\/div>\n\t\t\t\t\t\t<div class=\"elementor-swiper-button elementor-swiper-button-next\" role=\"button\" tabindex=\"0\" aria-label=\"Ti\u1ebfp theo\">\n\t\t\t\t\t\t\t<svg aria-hidden=\"true\" class=\"e-font-icon-svg e-eicon-chevron-right\" viewbox=\"0 0 1000 1000\" xmlns=\"http:\/\/www.w3.org\/2000\/svg\"><path d=\"M696 533C708 521 713 504 713 487 713 471 708 454 696 446L400 146C388 133 375 125 354 125 338 125 325 129 313 142 300 154 292 171 292 187 292 204 296 221 308 233L563 492 304 771C292 783 288 800 288 817 288 833 296 850 308 863 321 871 338 875 354 875 371 875 388 867 400 854L696 533Z\"><\/path><\/svg>\t\t\t\t\t\t<\/div>\n\t\t\t\t\t\t\t\t\t\t\t\t\t\t\t\t<div class=\"swiper-pagination\"><\/div>\n\t\t\t\t\t\t\t\t\t\t\t\t<\/div>\n\t\t\t\t\t\t\t\t<\/div>\n\t\t\t\t<\/div>\n\t\t<div class=\"elementor-element elementor-element-2757ce5 e-con-full e-flex e-con e-child\" data-id=\"2757ce5\" data-element_type=\"container\" data-e-type=\"container\">\n\t\t\t\t<div class=\"elementor-element elementor-element-b73b466 elementor-widget elementor-widget-text-editor\" data-id=\"b73b466\" data-element_type=\"widget\" data-e-type=\"widget\" data-widget_type=\"text-editor.default\">\n\t\t\t\t\t\t\t\t\t<h2><strong>\u0110\u1eb7c \u0111i\u1ec3m c\u1ee7a b\u1ed9 \u0111i\u1ec1u khi\u1ec3n \u00e9p n\u00f3ng b\u1eb1ng v\u00edt series LB<\/strong><\/h2><ol><li><strong>An to\u00e0n t\u1ed1t:<\/strong>\u00a0B\u00e0n l\u00e0m vi\u1ec7c c\u1ee7a m\u00e1y \u00e9p khu\u00f4n \u0111\u01b0\u1ee3c trang b\u1ecb m\u1ed9t t\u1ea5m ch\u1eafn b\u1ea3o v\u1ec7 \u0111\u1ec3 ng\u0103n ch\u1eb7n nguy\u00ean li\u1ec7u th\u00f4 ho\u1eb7c m\u1ea3nh v\u1ee1 khu\u00f4n bay ra v\u00e0 g\u00e2y th\u01b0\u01a1ng t\u00edch cho ng\u01b0\u1eddi lao \u0111\u1ed9ng trong tr\u01b0\u1eddng h\u1ee3p m\u00e1y g\u1eb7p s\u1ef1 c\u1ed1;<\/li><li>K\u00edch th\u01b0\u1edbc nh\u1ecf g\u1ecdn: C\u00e1nh tay robot \u0111\u01b0\u1ee3c l\u1eafp \u0111\u1eb7t tr\u1ef1c ti\u1ebfp tr\u00ean khu\u00f4n m\u1eabu d\u01b0\u1edbi m\u00e0 kh\u00f4ng chi\u1ebfm th\u00eam kh\u00f4ng gian;<\/li><li><strong>T\u1ed1c \u0111\u1ed9 s\u1ea3n xu\u1ea5t nhanh:\u00a0<\/strong>C\u00e1nh tay robot \u0111\u01b0\u1ee3c l\u1eafp \u0111\u1eb7t tr\u1ef1c ti\u1ebfp tr\u00ean khu\u00f4n m\u1eabu, c\u00f3 h\u00e0nh tr\u00ecnh ng\u1eafn v\u00e0 t\u1ed1c \u0111\u1ed9 nhanh;<\/li><li><strong>Ti\u1ebft ki\u1ec7m c\u00f4ng s\u1ee9c v\u00e0 \u0111\u1ea3m b\u1ea3o an to\u00e0n trong qu\u00e1 tr\u00ecnh thay th\u1ebf khu\u00f4n:\u00a0<\/strong>Kh\u00f3a khu\u00f4n truy\u1ec1n th\u1ed1ng y\u00eau c\u1ea7u s\u1eed d\u1ee5ng c\u1edd l\u00ea l\u1edbn v\u00e0 b\u00faa \u0111\u1ec3 \u0111\u1eadp v\u00e0 kh\u00f3a, \u0111i\u1ec1u n\u00e0y c\u00f3 th\u1ec3 d\u1eabn \u0111\u1ebfn c\u00e1c tai n\u1ea1n an to\u00e0n. Hi\u1ec7n nay, ph\u01b0\u01a1ng ph\u00e1p n\u00e0y \u0111\u00e3 \u0111\u01b0\u1ee3c c\u1ea3i ti\u1ebfn th\u00e0nh kh\u00f3a 6 \u1ed1c v\u00edt, kh\u00f4ng c\u1ea7n s\u1eed d\u1ee5ng b\u00faa l\u1edbn, gi\u00fap ti\u1ebft ki\u1ec7m s\u1ee9c l\u1ef1c v\u00e0 ng\u0103n ng\u1eeba c\u00e1c tai n\u1ea1n nh\u01b0 m\u1ea3nh v\u1ee1 bay ra ho\u1eb7c ch\u1ea5n th\u01b0\u01a1ng do va ch\u1ea1m.<\/li><li><strong>Thi\u1ebft b\u1ecb \u0111\u01b0\u1ee3c s\u1eed d\u1ee5ng:\u00a0<\/strong>S\u1eed d\u1ee5ng cu\u1ed9n d\u00e2y k\u00edn, ti\u1ebft ki\u1ec7m n\u0103ng l\u01b0\u1ee3ng, c\u00e1c l\u00f2 c\u1ea3m \u1ee9ng hi\u1ec7n c\u00f3 th\u01b0\u1eddng c\u00f3 th\u1ec3 \u0111\u01b0\u1ee3c s\u1eed d\u1ee5ng m\u00e0 kh\u00f4ng c\u1ea7n thay th\u1ebf.<\/li><\/ol>\t\t\t\t\t\t\t\t<\/div>\n\t\t\t\t<\/div>\n\t\t\t\t\t<\/div>\n\t\t\t\t<\/div>\n\t\t<div class=\"elementor-element elementor-element-1a68392 e-flex e-con-boxed e-con e-parent\" data-id=\"1a68392\" data-element_type=\"container\" data-e-type=\"container\">\n\t\t\t\t\t<div class=\"e-con-inner\">\n\t\t\t\t<div class=\"elementor-element elementor-element-4a1fe0c elementor-widget elementor-widget-text-editor\" data-id=\"4a1fe0c\" data-element_type=\"widget\" data-e-type=\"widget\" data-widget_type=\"text-editor.default\">\n\t\t\t\t\t\t\t\t\t<h2><strong>C\u00e1c th\u00e0nh ph\u1ea7n ch\u00ednh c\u1ee7a b\u1ed9 \u0111i\u1ec1u khi\u1ec3n \u00e9p n\u00f3ng b\u1eb1ng v\u00edt series LB<\/strong><\/h2><ol><li>M\u00e1y c\u1ea5p li\u1ec7u t\u1ef1 \u0111\u1ed9ng ho\u00e0n to\u00e0n: n\u00e2ng v\u1eadt li\u1ec7u thanh t\u1eeb ph\u1ec5u l\u00ean b\u0103ng t\u1ea3i v\u00e0 t\u1ef1 \u0111\u1ed9ng s\u1eafp x\u1ebfp \u0111\u1ec3 di chuy\u1ec3n theo \u0111\u01b0\u1eddng th\u1eb3ng;<\/li><li>Thi\u1ebft b\u1ecb t\u00e1ch t\u1ef1 \u0111\u1ed9ng ho\u00e0n to\u00e0n: D\u1ef1a tr\u00ean t\u00edn hi\u1ec7u ph\u00e1t hi\u1ec7n, v\u1eadt li\u1ec7u thanh \u0111\u01b0\u1ee3c t\u00e1ch t\u1ef1 \u0111\u1ed9ng v\u00e0 \u0111\u01b0a v\u00e0o thi\u1ebft b\u1ecb gia nhi\u1ec7t theo h\u01b0\u1edbng y\u00eau c\u1ea7u;<\/li><li>Thi\u1ebft b\u1ecb s\u01b0\u1edfi \u1ea5m c\u1ee5c b\u1ed9 ho\u00e0n to\u00e0n t\u1ef1 \u0111\u1ed9ng: Ph\u00f4i \u1ed1c v\u00edt \u0111\u01b0\u1ee3c gia nhi\u1ec7t trong l\u00f2 \u0111i\u1ec7n theo y\u00eau c\u1ea7u, s\u1eed d\u1ee5ng cu\u1ed9n d\u00e2y k\u00edn \u0111\u1ec3 ti\u1ebft ki\u1ec7m n\u0103ng l\u01b0\u1ee3ng;<\/li><li>L\u00f2 \u0111i\u1ec7n: Mua s\u1eafm theo y\u00eau c\u1ea7u, c\u00e1c l\u00f2 hi\u1ec7n c\u00f3 s\u1ebd \u0111\u01b0\u1ee3c di d\u1eddi theo y\u00eau c\u1ea7u c\u1ee7a ng\u01b0\u1eddi mua (th\u01b0\u1eddng l\u00e0 n\u00e2ng cao).;<\/li><li>M\u00e1y d\u1eadp: mua s\u1eb5n ho\u1eb7c \u0111\u01b0\u1ee3c t\u00f9y ch\u1ec9nh theo y\u00eau c\u1ea7u;<\/li><li>Khung khu\u00f4n v\u00e0 khu\u00f4n: do ng\u01b0\u1eddi mua cung c\u1ea5p ho\u1eb7c do ng\u01b0\u1eddi b\u00e1n cung c\u1ea5p;<\/li><li>Robot \u00e9p n\u00f3ng t\u1ef1 \u0111\u1ed9ng ho\u00e0n to\u00e0n: \u0111\u01b0\u1ee3c l\u1eafp \u0111\u1eb7t tr\u00ean khung khu\u00f4n \u0111\u1ec3 s\u1eed d\u1ee5ng.<\/li><\/ol><h2><strong>C\u00e1c \u1ee9ng d\u1ee5ng c\u1ee7a m\u00e1y \u00e9p n\u00f3ng b\u1eb1ng v\u00edt series LB<\/strong><\/h2><ol><li>C\u01a1 ch\u1ebf thu h\u1eb9p c\u1ed5 chai ho\u00e0n to\u00e0n t\u1ef1 \u0111\u1ed9ng;<\/li><li>S\u1ea3n xu\u1ea5t ho\u00e0n to\u00e0n t\u1ef1 \u0111\u1ed9ng c\u00e1c \u1ed1c v\u00edt \u0111\u01b0\u1ee3c gia nhi\u1ec7t t\u1ea1i ch\u1ed7;<\/li><li>S\u1ea3n xu\u1ea5t ho\u00e0n to\u00e0n t\u1ef1 \u0111\u1ed9ng c\u1ee7a m\u1ed9t tr\u1ee5c v\u00edt \u0111\u01b0\u1ee3c gia nhi\u1ec7t ho\u00e0n to\u00e0n (to\u00e0n b\u1ed9 m\u00e0u \u0111\u1ecf);<\/li><li>M\u00e1y s\u1ea5y \u1ed1c v\u00edt t\u1ef1 \u0111\u1ed9ng ho\u00e0n to\u00e0n, t\u1ed1c \u0111\u1ed9 s\u1ea5y kh\u00f4ng d\u01b0\u1edbi 20 chi\u1ebfc\/ph\u00fat, th\u00f4ng th\u01b0\u1eddng kh\u00f4ng c\u1ea7n thay th\u1ebf l\u00f2 \u0111i\u1ec7n, s\u1ea3n xu\u1ea5t th\u1ee7 c\u00f4ng.<\/li><\/ol>\t\t\t\t\t\t\t\t<\/div>\n\t\t\t\t\t<\/div>\n\t\t\t\t<\/div>\n\t\t\t\t<\/div>","protected":false},"excerpt":{"rendered":"<p>LB series screw hot forging CNC robotic arm Characteristics of LB series screw hot forging manipulator Good safety:\u00a0The punch press worktable is equipped with a protective plate to prevent raw materials or mold fragments from flying out and injuring people in the event of a malfunction; Small footprint: The robotic arm is directly installed on [&hellip;]<\/p>\n","protected":false},"author":1,"featured_media":0,"parent":0,"menu_order":0,"comment_status":"closed","ping_status":"closed","template":"elementor_header_footer","meta":{"footnotes":""},"class_list":["post-572","page","type-page","status-publish","hentry"],"yoast_head":"<!-- This site is optimized with the Yoast SEO plugin v27.0 - https:\/\/yoast.com\/product\/yoast-seo-wordpress\/ -->\n<title>LB Screw Hot Forging CNC Arm - TRUCHIN TECHNOLOGY<\/title>\n<meta name=\"robots\" content=\"index, follow, max-snippet:-1, max-image-preview:large, max-video-preview:-1\" \/>\n<link rel=\"canonical\" href=\"https:\/\/truchintech.com\/vi\/lb-screw-hot-forging-cnc-arm\/\" \/>\n<meta property=\"og:locale\" content=\"vi_VN\" \/>\n<meta property=\"og:type\" content=\"article\" \/>\n<meta property=\"og:title\" content=\"LB Screw Hot Forging CNC Arm - TRUCHIN TECHNOLOGY\" \/>\n<meta property=\"og:description\" content=\"LB series screw hot forging CNC robotic arm Characteristics of LB series screw hot forging manipulator Good safety:\u00a0The punch press worktable is equipped with a protective plate to prevent raw materials or mold fragments from flying out and injuring people in the event of a malfunction; Small footprint: The robotic arm is directly installed on [&hellip;]\" \/>\n<meta property=\"og:url\" content=\"https:\/\/truchintech.com\/vi\/lb-screw-hot-forging-cnc-arm\/\" \/>\n<meta property=\"og:site_name\" content=\"TRUCHIN TECHNOLOGY\" \/>\n<meta property=\"article:modified_time\" content=\"2025-12-23T17:46:26+00:00\" \/>\n<meta property=\"og:image\" content=\"https:\/\/truchintech.com\/wp-content\/uploads\/2025\/12\/Banner-2-1.jpg\" \/>\n<meta name=\"twitter:card\" content=\"summary_large_image\" \/>\n<meta name=\"twitter:label1\" content=\"\u01af\u1edbc t\u00ednh th\u1eddi gian \u0111\u1ecdc\" \/>\n\t<meta name=\"twitter:data1\" content=\"2 ph\u00fat\" \/>\n<script type=\"application\/ld+json\" class=\"yoast-schema-graph\">{\"@context\":\"https:\/\/schema.org\",\"@graph\":[{\"@type\":\"WebPage\",\"@id\":\"https:\/\/truchintech.com\/lb-screw-hot-forging-cnc-arm\/\",\"url\":\"https:\/\/truchintech.com\/lb-screw-hot-forging-cnc-arm\/\",\"name\":\"LB Screw Hot Forging CNC Arm - TRUCHIN TECHNOLOGY\",\"isPartOf\":{\"@id\":\"https:\/\/truchintech.com\/#website\"},\"primaryImageOfPage\":{\"@id\":\"https:\/\/truchintech.com\/lb-screw-hot-forging-cnc-arm\/#primaryimage\"},\"image\":{\"@id\":\"https:\/\/truchintech.com\/lb-screw-hot-forging-cnc-arm\/#primaryimage\"},\"thumbnailUrl\":\"https:\/\/truchintech.com\/wp-content\/uploads\/2025\/12\/Banner-2-1.jpg\",\"datePublished\":\"2025-12-18T18:08:48+00:00\",\"dateModified\":\"2025-12-23T17:46:26+00:00\",\"breadcrumb\":{\"@id\":\"https:\/\/truchintech.com\/lb-screw-hot-forging-cnc-arm\/#breadcrumb\"},\"inLanguage\":\"vi\",\"potentialAction\":[{\"@type\":\"ReadAction\",\"target\":[\"https:\/\/truchintech.com\/lb-screw-hot-forging-cnc-arm\/\"]}]},{\"@type\":\"ImageObject\",\"inLanguage\":\"vi\",\"@id\":\"https:\/\/truchintech.com\/lb-screw-hot-forging-cnc-arm\/#primaryimage\",\"url\":\"https:\/\/truchintech.com\/wp-content\/uploads\/2025\/12\/Banner-2-1.jpg\",\"contentUrl\":\"https:\/\/truchintech.com\/wp-content\/uploads\/2025\/12\/Banner-2-1.jpg\"},{\"@type\":\"BreadcrumbList\",\"@id\":\"https:\/\/truchintech.com\/lb-screw-hot-forging-cnc-arm\/#breadcrumb\",\"itemListElement\":[{\"@type\":\"ListItem\",\"position\":1,\"name\":\"Home\",\"item\":\"https:\/\/truchintech.com\/tr\/\"},{\"@type\":\"ListItem\",\"position\":2,\"name\":\"LB Screw Hot Forging CNC Arm\"}]},{\"@type\":\"WebSite\",\"@id\":\"https:\/\/truchintech.com\/#website\",\"url\":\"https:\/\/truchintech.com\/\",\"name\":\"XIAMEN TRUCHIN TECHNOLOGY CO.,LTD.\",\"description\":\"XIAMEN TRUCHIN TECHNOLOGY CO.,LTD.\",\"publisher\":{\"@id\":\"https:\/\/truchintech.com\/#organization\"},\"potentialAction\":[{\"@type\":\"SearchAction\",\"target\":{\"@type\":\"EntryPoint\",\"urlTemplate\":\"https:\/\/truchintech.com\/?s={search_term_string}\"},\"query-input\":{\"@type\":\"PropertyValueSpecification\",\"valueRequired\":true,\"valueName\":\"search_term_string\"}}],\"inLanguage\":\"vi\"},{\"@type\":\"Organization\",\"@id\":\"https:\/\/truchintech.com\/#organization\",\"name\":\"XIAMEN TRUCHIN TECHNOLOGY CO.,LTD.\",\"url\":\"https:\/\/truchintech.com\/\",\"logo\":{\"@type\":\"ImageObject\",\"inLanguage\":\"vi\",\"@id\":\"https:\/\/truchintech.com\/#\/schema\/logo\/image\/\",\"url\":\"https:\/\/truchintech.com\/wp-content\/uploads\/2025\/12\/logo_transpare2nt.png\",\"contentUrl\":\"https:\/\/truchintech.com\/wp-content\/uploads\/2025\/12\/logo_transpare2nt.png\",\"width\":128,\"height\":100,\"caption\":\"XIAMEN TRUCHIN TECHNOLOGY CO.,LTD.\"},\"image\":{\"@id\":\"https:\/\/truchintech.com\/#\/schema\/logo\/image\/\"}}]}<\/script>\n<!-- \/ Yoast SEO plugin. -->","yoast_head_json":{"title":"\u1ed0c v\u00edt LB \u0111\u00fac n\u00f3ng CNC - C\u00f4ng ngh\u1ec7 TRUCHIN","robots":{"index":"index","follow":"follow","max-snippet":"max-snippet:-1","max-image-preview":"max-image-preview:large","max-video-preview":"max-video-preview:-1"},"canonical":"https:\/\/truchintech.com\/vi\/lb-screw-hot-forging-cnc-arm\/","og_locale":"vi_VN","og_type":"article","og_title":"LB Screw Hot Forging CNC Arm - TRUCHIN TECHNOLOGY","og_description":"LB series screw hot forging CNC robotic arm Characteristics of LB series screw hot forging manipulator Good safety:\u00a0The punch press worktable is equipped with a protective plate to prevent raw materials or mold fragments from flying out and injuring people in the event of a malfunction; Small footprint: The robotic arm is directly installed on [&hellip;]","og_url":"https:\/\/truchintech.com\/vi\/lb-screw-hot-forging-cnc-arm\/","og_site_name":"TRUCHIN TECHNOLOGY","article_modified_time":"2025-12-23T17:46:26+00:00","og_image":[{"url":"https:\/\/truchintech.com\/wp-content\/uploads\/2025\/12\/Banner-2-1.jpg","type":"","width":"","height":""}],"twitter_card":"summary_large_image","twitter_misc":{"\u01af\u1edbc t\u00ednh th\u1eddi gian \u0111\u1ecdc":"2 ph\u00fat"},"schema":{"@context":"https:\/\/schema.org","@graph":[{"@type":"WebPage","@id":"https:\/\/truchintech.com\/lb-screw-hot-forging-cnc-arm\/","url":"https:\/\/truchintech.com\/lb-screw-hot-forging-cnc-arm\/","name":"\u1ed0c v\u00edt LB \u0111\u00fac n\u00f3ng CNC - C\u00f4ng ngh\u1ec7 TRUCHIN","isPartOf":{"@id":"https:\/\/truchintech.com\/#website"},"primaryImageOfPage":{"@id":"https:\/\/truchintech.com\/lb-screw-hot-forging-cnc-arm\/#primaryimage"},"image":{"@id":"https:\/\/truchintech.com\/lb-screw-hot-forging-cnc-arm\/#primaryimage"},"thumbnailUrl":"https:\/\/truchintech.com\/wp-content\/uploads\/2025\/12\/Banner-2-1.jpg","datePublished":"2025-12-18T18:08:48+00:00","dateModified":"2025-12-23T17:46:26+00:00","breadcrumb":{"@id":"https:\/\/truchintech.com\/lb-screw-hot-forging-cnc-arm\/#breadcrumb"},"inLanguage":"vi","potentialAction":[{"@type":"ReadAction","target":["https:\/\/truchintech.com\/lb-screw-hot-forging-cnc-arm\/"]}]},{"@type":"ImageObject","inLanguage":"vi","@id":"https:\/\/truchintech.com\/lb-screw-hot-forging-cnc-arm\/#primaryimage","url":"https:\/\/truchintech.com\/wp-content\/uploads\/2025\/12\/Banner-2-1.jpg","contentUrl":"https:\/\/truchintech.com\/wp-content\/uploads\/2025\/12\/Banner-2-1.jpg"},{"@type":"BreadcrumbList","@id":"https:\/\/truchintech.com\/lb-screw-hot-forging-cnc-arm\/#breadcrumb","itemListElement":[{"@type":"ListItem","position":1,"name":"Home","item":"https:\/\/truchintech.com\/tr\/"},{"@type":"ListItem","position":2,"name":"LB Screw Hot Forging CNC Arm"}]},{"@type":"WebSite","@id":"https:\/\/truchintech.com\/#website","url":"https:\/\/truchintech.com\/","name":"C\u00d4NG TY TNHH C\u00d4NG NGH\u1ec6 XIAMEN TRUCHIN.","description":"C\u00d4NG TY TNHH C\u00d4NG NGH\u1ec6 XIAMEN TRUCHIN.","publisher":{"@id":"https:\/\/truchintech.com\/#organization"},"potentialAction":[{"@type":"SearchAction","target":{"@type":"EntryPoint","urlTemplate":"https:\/\/truchintech.com\/?s={search_term_string}"},"query-input":{"@type":"PropertyValueSpecification","valueRequired":true,"valueName":"search_term_string"}}],"inLanguage":"vi"},{"@type":"Organization","@id":"https:\/\/truchintech.com\/#organization","name":"C\u00d4NG TY TNHH C\u00d4NG NGH\u1ec6 XIAMEN TRUCHIN.","url":"https:\/\/truchintech.com\/","logo":{"@type":"ImageObject","inLanguage":"vi","@id":"https:\/\/truchintech.com\/#\/schema\/logo\/image\/","url":"https:\/\/truchintech.com\/wp-content\/uploads\/2025\/12\/logo_transpare2nt.png","contentUrl":"https:\/\/truchintech.com\/wp-content\/uploads\/2025\/12\/logo_transpare2nt.png","width":128,"height":100,"caption":"XIAMEN TRUCHIN TECHNOLOGY CO.,LTD."},"image":{"@id":"https:\/\/truchintech.com\/#\/schema\/logo\/image\/"}}]}},"_hostinger_reach_plugin_has_subscription_block":false,"_hostinger_reach_plugin_is_elementor":false,"_links":{"self":[{"href":"https:\/\/truchintech.com\/vi\/wp-json\/wp\/v2\/pages\/572","targetHints":{"allow":["GET"]}}],"collection":[{"href":"https:\/\/truchintech.com\/vi\/wp-json\/wp\/v2\/pages"}],"about":[{"href":"https:\/\/truchintech.com\/vi\/wp-json\/wp\/v2\/types\/page"}],"author":[{"embeddable":true,"href":"https:\/\/truchintech.com\/vi\/wp-json\/wp\/v2\/users\/1"}],"replies":[{"embeddable":true,"href":"https:\/\/truchintech.com\/vi\/wp-json\/wp\/v2\/comments?post=572"}],"version-history":[{"count":20,"href":"https:\/\/truchintech.com\/vi\/wp-json\/wp\/v2\/pages\/572\/revisions"}],"predecessor-version":[{"id":981,"href":"https:\/\/truchintech.com\/vi\/wp-json\/wp\/v2\/pages\/572\/revisions\/981"}],"wp:attachment":[{"href":"https:\/\/truchintech.com\/vi\/wp-json\/wp\/v2\/media?parent=572"}],"curies":[{"name":"wp","href":"https:\/\/api.w.org\/{rel}","templated":true}]}}